{"id":879,"date":"2019-09-24T09:35:07","date_gmt":"2019-09-24T09:35:07","guid":{"rendered":"http:\/\/www.isocanale.com\/tipologia-di-condotti\/"},"modified":"2022-08-07T07:51:22","modified_gmt":"2022-08-07T07:51:22","slug":"tipos-de-canales","status":"publish","type":"page","link":"https:\/\/www.isocanale.com\/es\/tipos-de-canales\/","title":{"rendered":"Tipos de Canales"},"content":{"rendered":"<div id='av_section_1'  class='avia-section av-k21khcpf-05f049b8bb778e450892c2d68a9afa0f alternate_color avia-section-small avia-no-border-styling  avia-builder-el-0  el_before_av_section  avia-builder-el-first  avia-bg-style-scroll container_wrap sidebar_right'  ><div class='container av-section-cont-open' ><main  role=\"main\" itemprop=\"mainContentOfPage\"  class='template-page content  av-content-small alpha units'><div class='post-entry post-entry-type-page post-entry-879'><div class='entry-content-wrapper clearfix'>\n\n<style type=\"text\/css\" data-created_by=\"avia_inline_auto\" id=\"style-css-av-z4x0-2c2cc853bc12f40123f3ab5c4a047c53\">\n.flex_column.av-z4x0-2c2cc853bc12f40123f3ab5c4a047c53{\n-webkit-border-radius:0px 0px 0px 0px;\n-moz-border-radius:0px 0px 0px 0px;\nborder-radius:0px 0px 0px 0px;\npadding:0px 0px 0px 0px;\n}\n<\/style>\n<div class='flex_column av-z4x0-2c2cc853bc12f40123f3ab5c4a047c53 av_one_full  avia-builder-el-1  el_before_av_hr  avia-builder-el-first  first flex_column_div av-zero-column-padding '     ><section  class='av_textblock_section av-k21kl3o2-12dabc16f94934f60ea2a35c2b6fc178'  itemscope=\"itemscope\" itemtype=\"https:\/\/schema.org\/CreativeWork\" ><div class='avia_textblock'  itemprop=\"text\" ><h1>Tipos de canales<\/h1>\n<p><strong>La elecci\u00f3n de los tipos de <a title=\"Conductos de aire\" href=\"https:\/\/www.isocanale.com\/es\/conductos-de-aire\/\">conductos de aire<\/a> a utilizar depender\u00e1 de las necesidades de distribuci\u00f3n del proyecto<\/strong>.<\/p>\n<p>La primera gran distinci\u00f3n que se har\u00e1 ser\u00e1 la colocaci\u00f3n de las conductos que se pueden <strong>utilizar tanto en el interior del edificio como en el exterior<\/strong>, donde deben poder soportar situaciones clim\u00e1ticas variables.<\/p>\n<p>La segunda se basar\u00e1 en<strong> los vol\u00famenes de aire y las presiones operativas a las que estar\u00e1n sometidos los propios canales.<\/strong> Otros par\u00e1metros de elecci\u00f3n no secundarios pueden estar vinculados a la <strong>necesidad de duraci\u00f3n en el tiempo del desempe\u00f1o, mantenimiento e higiene, seguridad y sostenibilidad ambiental<\/strong>.<\/p>\n<\/div><\/section><br \/>\n<div  class='avia-button-wrap av-k1htvd4u-da60dc31cf9ac07b85a94534b8960d4a-wrap avia-button-left  avia-builder-el-3  el_after_av_textblock  avia-builder-el-last  bottone-standard pulsante-sfondo-blue'>\n<style type=\"text\/css\" data-created_by=\"avia_inline_auto\" id=\"style-css-av-k1htvd4u-da60dc31cf9ac07b85a94534b8960d4a\">\n#top #wrap_all .avia-button.av-k1htvd4u-da60dc31cf9ac07b85a94534b8960d4a{\nbackground-color:#e4ff00;\nborder-color:#e4ff00;\ncolor:#002539;\n-webkit-transition:all 0.4s ease-in-out;\n-moz-transition:all 0.4s ease-in-out;\n-ms-transition:all 0.4s ease-in-out;\n-o-transition:all 0.4s ease-in-out;\ntransition:all 0.4s ease-in-out;\n}\n<\/style>\n<a href='https:\/\/www.isocanale.com\/en\/isocanale-system\/'  class='avia-button av-k1htvd4u-da60dc31cf9ac07b85a94534b8960d4a avia-icon_select-yes-right-icon avia-size-medium avia-position-left'  ><span class='avia_iconbox_title' >DESCUBRE SISTEMA ISOCANALE<\/span><span class='avia_button_icon avia_button_icon_right' aria-hidden='true' data-av_icon='\uf101' data-av_iconfont='fontello'><\/span><\/a><\/div><\/p><\/div>\n<style type=\"text\/css\" data-created_by=\"avia_inline_auto\" id=\"style-css-av-k21l6ban-5f2776a8558b1c11c023a854a34c107c\">\n#top .hr.hr-invisible.av-k21l6ban-5f2776a8558b1c11c023a854a34c107c{\nheight:20px;\n}\n<\/style>\n<div  class='hr av-k21l6ban-5f2776a8558b1c11c023a854a34c107c hr-invisible  avia-builder-el-4  el_after_av_one_full  avia-builder-el-last '><span class='hr-inner '><span class=\"hr-inner-style\"><\/span><\/span><\/div>\n\n<\/div><\/div><\/main><!-- close content main element --><\/div><\/div><div id='av_section_2'  class='avia-section av-3s8ew-eca96ff114c055d4199385d516b94f2c main_color avia-section-default avia-no-border-styling  avia-builder-el-5  el_after_av_section  el_before_av_section  avia-bg-style-scroll container_wrap sidebar_right'  ><div class='container av-section-cont-open' ><div class='template-page content  av-content-small alpha units'><div class='post-entry post-entry-type-page post-entry-879'><div class='entry-content-wrapper clearfix'>\n\n<style type=\"text\/css\" data-created_by=\"avia_inline_auto\" id=\"style-css-av-37xmk-0fed9ee8f9c35b1616a473b0c19fc38c\">\n.flex_column.av-37xmk-0fed9ee8f9c35b1616a473b0c19fc38c{\n-webkit-border-radius:0px 0px 0px 0px;\n-moz-border-radius:0px 0px 0px 0px;\nborder-radius:0px 0px 0px 0px;\npadding:0px 0px 0px 0px;\n}\n<\/style>\n<div class='flex_column av-37xmk-0fed9ee8f9c35b1616a473b0c19fc38c av_one_full  avia-builder-el-6  avia-builder-el-no-sibling  first flex_column_div av-zero-column-padding '     ><section  class='av_textblock_section av-k24tfe2m-d9c35ab531a26eac9d10bb264d6cf017'  itemscope=\"itemscope\" itemtype=\"https:\/\/schema.org\/CreativeWork\" ><div class='avia_textblock'  itemprop=\"text\" ><p>Los tipos de canales m\u00e1s populares y usados en todo el mundo en la actualidad son:<\/p>\n<h2>Canales de chapas (acero galvanizado)<\/h2>\n<p>Generalmente <strong>disponible en secciones y tama\u00f1os variables<\/strong>, normalmente producidos en la f\u00e1brica y posteriormente ensamblados en el sitio. Si se requiere aislamiento t\u00e9rmico, los canales se cubren con esteras de lana de vidrio o neopreno. Caracterizados por una estructura robusta pero pesada, son el sistema hist\u00f3rico y m\u00e1s conocido.<\/p>\n<h2>Canales preaislados<\/h2>\n<p>Canales realizados mediante <strong>paneles s\u00e1ndwich compuestos por una capa aislante revestida<\/strong> en uno o m\u00e1s lados, que se pueden trabajar y montar tanto en f\u00e1brica como en obra. Presentan performance t\u00e9cnicas que var\u00edan seg\u00fan el tipo de aislamiento y revestimiento elegido.<\/p>\n<h2>Canales preaislados de poliuretano y aluminio<\/h2>\n<p>Los ductos fabricados con <strong>paneles s\u00e1ndwich en aluminio y espuma de poliuretano PUR o en <a title=\"Paneles de polyiso\" href=\"https:\/\/www.isocanale.com\/es\/paneles-de-polyiso\/\">espuma de polyiso PIR<\/a><\/strong>, se pueden procesar f\u00e1cilmente tanto en f\u00e1brica como directamente en el sitio, lo cual agiliza los tiempos de instalaci\u00f3n. La espuma de la que est\u00e1n fabricadas las hace ya perfectamente aisladas e impermeables, mientras que el revestimiento de aluminio asegura su impermeabilidad al vapor y una f\u00e1cil limpieza de las superficies.<\/p>\n<\/div><\/section><\/div><\/div><\/div><\/div><!-- close content main div --><\/div><\/div>\n<style type=\"text\/css\" data-created_by=\"avia_inline_auto\" id=\"style-css-av-kai32egj-91a3d2427c8b35bc502ef19132c9af11\">\n.avia-section.av-kai32egj-91a3d2427c8b35bc502ef19132c9af11{\nbackground-color:#e6ff00;\nbackground-image:unset;\n}\n<\/style>\n<div id='av_section_3'  class='avia-section av-kai32egj-91a3d2427c8b35bc502ef19132c9af11 main_color avia-section-no-padding avia-no-border-styling  avia-builder-el-8  el_after_av_section  el_before_av_submenu  scopri-servizi avia-bg-style-scroll container_wrap sidebar_right'  ><div class='container av-section-cont-open' ><div class='template-page content  av-content-small alpha units'><div class='post-entry post-entry-type-page post-entry-879'><div class='entry-content-wrapper clearfix'>\n\n<style type=\"text\/css\" data-created_by=\"avia_inline_auto\" id=\"style-css-av-1l9z4-688a96a32e85df507481f0cae998d8fb\">\n#top .flex_column.av-1l9z4-688a96a32e85df507481f0cae998d8fb{\nmargin-top:0px;\nmargin-bottom:0px;\n}\n.flex_column.av-1l9z4-688a96a32e85df507481f0cae998d8fb{\n-webkit-border-radius:0px 0px 0px 0px;\n-moz-border-radius:0px 0px 0px 0px;\nborder-radius:0px 0px 0px 0px;\npadding:0px 0px 0px 0px;\n}\n.responsive #top #wrap_all .flex_column.av-1l9z4-688a96a32e85df507481f0cae998d8fb{\nmargin-top:0px;\nmargin-bottom:0px;\n}\n<\/style>\n<div class='flex_column av-1l9z4-688a96a32e85df507481f0cae998d8fb av_one_full  avia-builder-el-9  avia-builder-el-no-sibling  first flex_column_div av-zero-column-padding '     ><section  class='av_textblock_section av-kai6n4qo-6f9bcc0fd6a3858be6ffb4c195d5c0cb'  itemscope=\"itemscope\" itemtype=\"https:\/\/schema.org\/CreativeWork\" ><div class='avia_textblock centrato titoletto'  itemprop=\"text\" ><p><span class=\"titolo-noseo-small\">Descubre nuestras aplicaciones<\/span><\/p>\n<\/div><\/section><\/div>\n<\/p>\n<\/div><\/div><\/div><!-- close content main div --><\/div><\/div><div id='sub_menu1'  class='av-submenu-container av-kai1irmd-a6cbd2a5a5efd4bbb8b2072d0e421f0e main_color av-switch-990  avia-builder-el-11  el_after_av_section  el_before_av_section  menu-interno menu-info-applicazioni submenu-not-first container_wrap sidebar_right' style='z-index:301' ><div class='container av-menu-mobile-active av-submenu-pos-center'><a href=\"#\" class=\"mobile_menu_toggle\" aria-hidden='true' data-av_icon='\ue8a5' data-av_iconfont='entypo-fontello'><span class=\"av-current-placeholder\">Men\u00fa<\/span><\/a><ul id=\"menu-prodotti-es\" class=\"av-subnav-menu\"><li role=\"menuitem\" id=\"menu-item-1258\" class=\"menu-item menu-item-type-post_type menu-item-object-page menu-item-top-level menu-item-top-level-1\"><a href=\"https:\/\/www.isocanale.com\/es\/sistema-isocanale\/aplicaciones\/isocanale-indoor\/\" itemprop=\"url\" tabindex=\"0\"><span class=\"avia-bullet\"><\/span><span class=\"avia-menu-text\">Isocanale Indoor<\/span><span class=\"avia-menu-fx\"><span class=\"avia-arrow-wrap\"><span class=\"avia-arrow\"><\/span><\/span><\/span><\/a><\/li>\n<li role=\"menuitem\" id=\"menu-item-1259\" class=\"menu-item menu-item-type-post_type menu-item-object-page menu-item-top-level menu-item-top-level-2\"><a href=\"https:\/\/www.isocanale.com\/es\/sistema-isocanale\/aplicaciones\/isocanale-outdoor\/\" itemprop=\"url\" tabindex=\"0\"><span class=\"avia-bullet\"><\/span><span class=\"avia-menu-text\">Isocanale Outdoor<\/span><span class=\"avia-menu-fx\"><span class=\"avia-arrow-wrap\"><span class=\"avia-arrow\"><\/span><\/span><\/span><\/a><\/li>\n<li role=\"menuitem\" id=\"menu-item-1262\" class=\"menu-item menu-item-type-post_type menu-item-object-page menu-item-top-level menu-item-top-level-3\"><a href=\"https:\/\/www.isocanale.com\/es\/sistema-isocanale\/aplicaciones\/isocanale-extreme\/\" itemprop=\"url\" tabindex=\"0\"><span class=\"avia-bullet\"><\/span><span class=\"avia-menu-text\">Isocanale Extreme<\/span><span class=\"avia-menu-fx\"><span class=\"avia-arrow-wrap\"><span class=\"avia-arrow\"><\/span><\/span><\/span><\/a><\/li>\n<li role=\"menuitem\" id=\"menu-item-1263\" class=\"menu-item menu-item-type-post_type menu-item-object-page menu-item-top-level menu-item-top-level-4\"><a href=\"https:\/\/www.isocanale.com\/es\/sistema-isocanale\/aplicaciones\/isocanale-clean\/\" itemprop=\"url\" tabindex=\"0\"><span class=\"avia-bullet\"><\/span><span class=\"avia-menu-text\">Isocanale Clean<\/span><span class=\"avia-menu-fx\"><span class=\"avia-arrow-wrap\"><span class=\"avia-arrow\"><\/span><\/span><\/span><\/a><\/li>\n<\/ul><\/div><\/div>\n\n<style type=\"text\/css\" data-created_by=\"avia_inline_auto\" id=\"style-css-av-kai32egj-4098c8dd13108b21f86aeccd4fba12af\">\n.avia-section.av-kai32egj-4098c8dd13108b21f86aeccd4fba12af{\nbackground-color:#ebedf1;\nbackground-image:unset;\n}\n<\/style>\n<div id='av_section_4'  class='avia-section av-kai32egj-4098c8dd13108b21f86aeccd4fba12af main_color avia-section-no-padding avia-no-border-styling  avia-builder-el-12  el_after_av_submenu  el_before_av_submenu  scopri-servizi avia-bg-style-scroll container_wrap sidebar_right'  ><div class='container av-section-cont-open' ><div class='template-page content  av-content-small alpha units'><div class='post-entry post-entry-type-page post-entry-879'><div class='entry-content-wrapper clearfix'>\n\n<style type=\"text\/css\" data-created_by=\"avia_inline_auto\" id=\"style-css-av-1l9z4-688a96a32e85df507481f0cae998d8fb\">\n#top .flex_column.av-1l9z4-688a96a32e85df507481f0cae998d8fb{\nmargin-top:0px;\nmargin-bottom:0px;\n}\n.flex_column.av-1l9z4-688a96a32e85df507481f0cae998d8fb{\n-webkit-border-radius:0px 0px 0px 0px;\n-moz-border-radius:0px 0px 0px 0px;\nborder-radius:0px 0px 0px 0px;\npadding:0px 0px 0px 0px;\n}\n.responsive #top #wrap_all .flex_column.av-1l9z4-688a96a32e85df507481f0cae998d8fb{\nmargin-top:0px;\nmargin-bottom:0px;\n}\n<\/style>\n<div class='flex_column av-1l9z4-688a96a32e85df507481f0cae998d8fb av_one_full  avia-builder-el-13  avia-builder-el-no-sibling  first flex_column_div av-zero-column-padding '     ><section  class='av_textblock_section av-kai6n4qo-6f9bcc0fd6a3858be6ffb4c195d5c0cb'  itemscope=\"itemscope\" itemtype=\"https:\/\/schema.org\/CreativeWork\" ><div class='avia_textblock centrato titoletto'  itemprop=\"text\" ><p><span class=\"titolo-noseo-small\">M\u00e1s informaci\u00f3n<\/span><\/p>\n<\/div><\/section><\/div>\n\n<\/div><\/div><\/div><!-- close content main div --><\/div><\/div><div id='sub_menu2'  class='av-submenu-container av-kai1irmd-5ace7a6d38fb1fd4d2ff475a78904575 header_color av-switch-990  avia-builder-el-15  el_after_av_section  avia-builder-el-last  menu-interno submenu-not-first container_wrap sidebar_right' style='z-index:302' ><div class='container av-menu-mobile-active av-submenu-pos-center'><a href=\"#\" class=\"mobile_menu_toggle\" aria-hidden='true' data-av_icon='\ue8a5' data-av_iconfont='entypo-fontello'><span class=\"av-current-placeholder\">Men\u00fa<\/span><\/a><ul id=\"menu-info-utili-es\" class=\"av-subnav-menu\"><li role=\"menuitem\" id=\"menu-item-1973\" class=\"menu-item menu-item-type-post_type menu-item-object-page menu-item-top-level menu-item-top-level-1\"><a href=\"https:\/\/www.isocanale.com\/es\/paneles-de-poliuretano\/\" itemprop=\"url\" tabindex=\"0\"><span class=\"avia-bullet\"><\/span><span class=\"avia-menu-text\">Paneles de Poliuretano<\/span><span class=\"avia-menu-fx\"><span class=\"avia-arrow-wrap\"><span class=\"avia-arrow\"><\/span><\/span><\/span><\/a><\/li>\n<li role=\"menuitem\" id=\"menu-item-1974\" class=\"menu-item menu-item-type-post_type menu-item-object-page menu-item-top-level menu-item-top-level-2\"><a href=\"https:\/\/www.isocanale.com\/es\/paneles-de-polyiso\/\" itemprop=\"url\" tabindex=\"0\"><span class=\"avia-bullet\"><\/span><span class=\"avia-menu-text\">Paneles de Polyiso<\/span><span class=\"avia-menu-fx\"><span class=\"avia-arrow-wrap\"><span class=\"avia-arrow\"><\/span><\/span><\/span><\/a><\/li>\n<li role=\"menuitem\" id=\"menu-item-1975\" class=\"menu-item menu-item-type-post_type menu-item-object-page menu-item-top-level menu-item-top-level-3\"><a href=\"https:\/\/www.isocanale.com\/es\/conductos-de-aire\/\" itemprop=\"url\" tabindex=\"0\"><span class=\"avia-bullet\"><\/span><span class=\"avia-menu-text\">Conductos de Aire<\/span><span class=\"avia-menu-fx\"><span class=\"avia-arrow-wrap\"><span class=\"avia-arrow\"><\/span><\/span><\/span><\/a><\/li>\n<li role=\"menuitem\" id=\"menu-item-1976\" class=\"menu-item menu-item-type-post_type menu-item-object-page menu-item-top-level menu-item-top-level-4\"><a href=\"https:\/\/www.isocanale.com\/es\/sistema-de-ventilacion\/\" itemprop=\"url\" tabindex=\"0\"><span class=\"avia-bullet\"><\/span><span class=\"avia-menu-text\">Sistema de Ventilaci\u00f3n<\/span><span class=\"avia-menu-fx\"><span class=\"avia-arrow-wrap\"><span class=\"avia-arrow\"><\/span><\/span><\/span><\/a><\/li>\n<li role=\"menuitem\" id=\"menu-item-1977\" class=\"menu-item menu-item-type-post_type menu-item-object-page menu-item-top-level menu-item-top-level-5\"><a href=\"https:\/\/www.isocanale.com\/es\/tipos-de-canales\/\" itemprop=\"url\" tabindex=\"0\"><span class=\"avia-bullet\"><\/span><span class=\"avia-menu-text\">Tipos de Canales<\/span><span class=\"avia-menu-fx\"><span class=\"avia-arrow-wrap\"><span class=\"avia-arrow\"><\/span><\/span><\/span><\/a><\/li>\n<\/ul><\/div><\/div>\n","protected":false},"excerpt":{"rendered":"","protected":false},"author":1,"featured_media":0,"parent":0,"menu_order":0,"comment_status":"closed","ping_status":"closed","template":"","meta":{"footnotes":""},"class_list":["post-879","page","type-page","status-publish","hentry"],"yoast_head":"<!-- This site is optimized with the Yoast SEO plugin v25.5 - https:\/\/yoast.com\/wordpress\/plugins\/seo\/ -->\n<title>Conductos de aire - Canales preaislados para transporte de aire | ISOCANALE<\/title>\n<meta name=\"description\" content=\"Descubre ISOCANALE: el sistema para la construcci\u00f3n e instalaci\u00f3n de canales de aluminio preaislados para el transporte del aire.\" \/>\n<meta name=\"robots\" content=\"index, follow, max-snippet:-1, max-image-preview:large, max-video-preview:-1\" \/>\n<link rel=\"canonical\" href=\"https:\/\/www.isocanale.com\/es\/tipos-de-canales\/\" \/>\n<meta property=\"og:locale\" content=\"es_ES\" \/>\n<meta property=\"og:type\" content=\"article\" \/>\n<meta property=\"og:title\" content=\"Conductos de aire - Canales preaislados para transporte de aire | ISOCANALE\" \/>\n<meta property=\"og:description\" content=\"Descubre ISOCANALE: el sistema para la construcci\u00f3n e instalaci\u00f3n de canales de aluminio preaislados para el transporte del aire.\" \/>\n<meta property=\"og:url\" content=\"https:\/\/www.isocanale.com\/es\/tipos-de-canales\/\" \/>\n<meta property=\"og:site_name\" content=\"ISOCANALE\" \/>\n<meta property=\"article:modified_time\" content=\"2022-08-07T07:51:22+00:00\" \/>\n<meta name=\"twitter:card\" content=\"summary_large_image\" \/>\n<meta name=\"twitter:label1\" content=\"Tiempo de lectura\" \/>\n\t<meta name=\"twitter:data1\" content=\"5 minutos\" \/>\n<script type=\"application\/ld+json\" class=\"yoast-schema-graph\">{\"@context\":\"https:\/\/schema.org\",\"@graph\":[{\"@type\":\"WebPage\",\"@id\":\"https:\/\/www.isocanale.com\/es\/tipos-de-canales\/\",\"url\":\"https:\/\/www.isocanale.com\/es\/tipos-de-canales\/\",\"name\":\"Conductos de aire - Canales preaislados para transporte de aire | ISOCANALE\",\"isPartOf\":{\"@id\":\"https:\/\/www.isocanale.com\/#website\"},\"datePublished\":\"2019-09-24T09:35:07+00:00\",\"dateModified\":\"2022-08-07T07:51:22+00:00\",\"description\":\"Descubre ISOCANALE: el sistema para la construcci\u00f3n e instalaci\u00f3n de canales de aluminio preaislados para el transporte del aire.\",\"breadcrumb\":{\"@id\":\"https:\/\/www.isocanale.com\/es\/tipos-de-canales\/#breadcrumb\"},\"inLanguage\":\"es\",\"potentialAction\":[{\"@type\":\"ReadAction\",\"target\":[\"https:\/\/www.isocanale.com\/es\/tipos-de-canales\/\"]}]},{\"@type\":\"BreadcrumbList\",\"@id\":\"https:\/\/www.isocanale.com\/es\/tipos-de-canales\/#breadcrumb\",\"itemListElement\":[{\"@type\":\"ListItem\",\"position\":1,\"name\":\"Home\",\"item\":\"https:\/\/www.isocanale.com\/es\/home\/\"},{\"@type\":\"ListItem\",\"position\":2,\"name\":\"Tipos de Canales\"}]},{\"@type\":\"WebSite\",\"@id\":\"https:\/\/www.isocanale.com\/#website\",\"url\":\"https:\/\/www.isocanale.com\/\",\"name\":\"ISOCANALE\",\"description\":\"Sistema di Canali Preisolati per il Trasporto dell&#039;Aria\",\"publisher\":{\"@id\":\"https:\/\/www.isocanale.com\/#organization\"},\"potentialAction\":[{\"@type\":\"SearchAction\",\"target\":{\"@type\":\"EntryPoint\",\"urlTemplate\":\"https:\/\/www.isocanale.com\/?s={search_term_string}\"},\"query-input\":{\"@type\":\"PropertyValueSpecification\",\"valueRequired\":true,\"valueName\":\"search_term_string\"}}],\"inLanguage\":\"es\"},{\"@type\":\"Organization\",\"@id\":\"https:\/\/www.isocanale.com\/#organization\",\"name\":\"Isocanale Stiferite\",\"url\":\"https:\/\/www.isocanale.com\/\",\"logo\":{\"@type\":\"ImageObject\",\"inLanguage\":\"es\",\"@id\":\"https:\/\/www.isocanale.com\/#\/schema\/logo\/image\/\",\"url\":\"\",\"contentUrl\":\"\",\"caption\":\"Isocanale Stiferite\"},\"image\":{\"@id\":\"https:\/\/www.isocanale.com\/#\/schema\/logo\/image\/\"}}]}<\/script>\n<!-- \/ Yoast SEO plugin. -->","yoast_head_json":{"title":"Conductos de aire - Canales preaislados para transporte de aire | ISOCANALE","description":"Descubre ISOCANALE: el sistema para la construcci\u00f3n e instalaci\u00f3n de canales de aluminio preaislados para el transporte del aire.","robots":{"index":"index","follow":"follow","max-snippet":"max-snippet:-1","max-image-preview":"max-image-preview:large","max-video-preview":"max-video-preview:-1"},"canonical":"https:\/\/www.isocanale.com\/es\/tipos-de-canales\/","og_locale":"es_ES","og_type":"article","og_title":"Conductos de aire - Canales preaislados para transporte de aire | ISOCANALE","og_description":"Descubre ISOCANALE: el sistema para la construcci\u00f3n e instalaci\u00f3n de canales de aluminio preaislados para el transporte del aire.","og_url":"https:\/\/www.isocanale.com\/es\/tipos-de-canales\/","og_site_name":"ISOCANALE","article_modified_time":"2022-08-07T07:51:22+00:00","twitter_card":"summary_large_image","twitter_misc":{"Tiempo de lectura":"5 minutos"},"schema":{"@context":"https:\/\/schema.org","@graph":[{"@type":"WebPage","@id":"https:\/\/www.isocanale.com\/es\/tipos-de-canales\/","url":"https:\/\/www.isocanale.com\/es\/tipos-de-canales\/","name":"Conductos de aire - Canales preaislados para transporte de aire | ISOCANALE","isPartOf":{"@id":"https:\/\/www.isocanale.com\/#website"},"datePublished":"2019-09-24T09:35:07+00:00","dateModified":"2022-08-07T07:51:22+00:00","description":"Descubre ISOCANALE: el sistema para la construcci\u00f3n e instalaci\u00f3n de canales de aluminio preaislados para el transporte del aire.","breadcrumb":{"@id":"https:\/\/www.isocanale.com\/es\/tipos-de-canales\/#breadcrumb"},"inLanguage":"es","potentialAction":[{"@type":"ReadAction","target":["https:\/\/www.isocanale.com\/es\/tipos-de-canales\/"]}]},{"@type":"BreadcrumbList","@id":"https:\/\/www.isocanale.com\/es\/tipos-de-canales\/#breadcrumb","itemListElement":[{"@type":"ListItem","position":1,"name":"Home","item":"https:\/\/www.isocanale.com\/es\/home\/"},{"@type":"ListItem","position":2,"name":"Tipos de Canales"}]},{"@type":"WebSite","@id":"https:\/\/www.isocanale.com\/#website","url":"https:\/\/www.isocanale.com\/","name":"ISOCANALE","description":"Sistema di Canali Preisolati per il Trasporto dell&#039;Aria","publisher":{"@id":"https:\/\/www.isocanale.com\/#organization"},"potentialAction":[{"@type":"SearchAction","target":{"@type":"EntryPoint","urlTemplate":"https:\/\/www.isocanale.com\/?s={search_term_string}"},"query-input":{"@type":"PropertyValueSpecification","valueRequired":true,"valueName":"search_term_string"}}],"inLanguage":"es"},{"@type":"Organization","@id":"https:\/\/www.isocanale.com\/#organization","name":"Isocanale Stiferite","url":"https:\/\/www.isocanale.com\/","logo":{"@type":"ImageObject","inLanguage":"es","@id":"https:\/\/www.isocanale.com\/#\/schema\/logo\/image\/","url":"","contentUrl":"","caption":"Isocanale Stiferite"},"image":{"@id":"https:\/\/www.isocanale.com\/#\/schema\/logo\/image\/"}}]}},"_links":{"self":[{"href":"https:\/\/www.isocanale.com\/es\/wp-json\/wp\/v2\/pages\/879","targetHints":{"allow":["GET"]}}],"collection":[{"href":"https:\/\/www.isocanale.com\/es\/wp-json\/wp\/v2\/pages"}],"about":[{"href":"https:\/\/www.isocanale.com\/es\/wp-json\/wp\/v2\/types\/page"}],"author":[{"embeddable":true,"href":"https:\/\/www.isocanale.com\/es\/wp-json\/wp\/v2\/users\/1"}],"replies":[{"embeddable":true,"href":"https:\/\/www.isocanale.com\/es\/wp-json\/wp\/v2\/comments?post=879"}],"version-history":[{"count":0,"href":"https:\/\/www.isocanale.com\/es\/wp-json\/wp\/v2\/pages\/879\/revisions"}],"wp:attachment":[{"href":"https:\/\/www.isocanale.com\/es\/wp-json\/wp\/v2\/media?parent=879"}],"curies":[{"name":"wp","href":"https:\/\/api.w.org\/{rel}","templated":true}]}}