{"id":862,"date":"2019-09-24T09:50:37","date_gmt":"2019-09-24T09:50:37","guid":{"rendered":"http:\/\/www.isocanale.com\/prodotti\/isocanale-extreme\/"},"modified":"2025-07-18T08:39:37","modified_gmt":"2025-07-18T08:39:37","slug":"isocanale-extreme","status":"publish","type":"page","link":"https:\/\/www.isocanale.com\/es\/sistema-isocanale\/aplicaciones\/isocanale-extreme\/","title":{"rendered":"Isocanale Extreme"},"content":{"rendered":"<div id='av_section_1'  class='avia-section av-k21pvpbi-4dd57a06bb4d97d2c27c9dae6fbfb502 alternate_color avia-section-small avia-no-border-styling  avia-builder-el-0  el_before_av_section  avia-builder-el-first  avia-bg-style-scroll container_wrap sidebar_right'  ><div class='container av-section-cont-open' ><main  role=\"main\" itemprop=\"mainContentOfPage\"  class='template-page content  av-content-small alpha units'><div class='post-entry post-entry-type-page post-entry-862'><div class='entry-content-wrapper clearfix'>\n\n<style type=\"text\/css\" data-created_by=\"avia_inline_auto\" id=\"style-css-av-1od6a-6f964a4adec019b4978108ac5ee64df7\">\n.flex_column.av-1od6a-6f964a4adec019b4978108ac5ee64df7{\n-webkit-border-radius:0px 0px 0px 0px;\n-moz-border-radius:0px 0px 0px 0px;\nborder-radius:0px 0px 0px 0px;\npadding:0px 0px 0px 0px;\n}\n<\/style>\n<div class='flex_column av-1od6a-6f964a4adec019b4978108ac5ee64df7 av_one_half  avia-builder-el-1  el_before_av_one_half  avia-builder-el-first  first av-break-at-tablet flex_column_div av-zero-column-padding '     ><section  class='av_textblock_section av-k21py38a-fc08cb414da6c5874d211428911ca8d3'  itemscope=\"itemscope\" itemtype=\"https:\/\/schema.org\/CreativeWork\" ><div class='avia_textblock titolo-prodotto'  itemprop=\"text\" ><h1>ISOCANALE EXTREME<\/h1>\n<div class=\"sottotitlo-white\">PARA APLICACIONES EN AMBIENTES AGRESIVOS COMO: PISCINAS, SALAS DE AGRICULTURA, CAMARAS DE MADURACI\u00d3N.<\/div>\n<\/div><\/section><br \/>\n\n<style type=\"text\/css\" data-created_by=\"avia_inline_auto\" id=\"style-css-av-k21q3np1-408d50b7fb2f60035447173d22c9bffe\">\n.avia-image-container.av-k21q3np1-408d50b7fb2f60035447173d22c9bffe img.avia_image{\nbox-shadow:none;\n}\n.avia-image-container.av-k21q3np1-408d50b7fb2f60035447173d22c9bffe .av-image-caption-overlay-center{\ncolor:#ffffff;\n}\n<\/style>\n<div  class='avia-image-container av-k21q3np1-408d50b7fb2f60035447173d22c9bffe av-styling- avia-align-center  avia-builder-el-3  el_after_av_textblock  el_before_av_button  immagine-prodotto'   itemprop=\"image\" itemscope=\"itemscope\" itemtype=\"https:\/\/schema.org\/ImageObject\" ><div class=\"avia-image-container-inner\"><div class=\"avia-image-overlay-wrap\"><img decoding=\"async\" class='wp-image-367 avia-img-lazy-loading-not-367 avia_image ' src=\"https:\/\/www.isocanale.com\/wp-content\/uploads\/2019\/10\/pannello-isocanale.png\" alt='paneles de poliuretano Isocanale' title='paneles de poliuretano Isocanale'  height=\"220\" width=\"500\"  itemprop=\"thumbnailUrl\" srcset=\"https:\/\/www.isocanale.com\/wp-content\/uploads\/2019\/10\/pannello-isocanale.png 500w, https:\/\/www.isocanale.com\/wp-content\/uploads\/2019\/10\/pannello-isocanale-300x132.png 300w\" sizes=\"(max-width: 500px) 100vw, 500px\" \/><\/div><\/div><\/div><br \/>\n<div  class='avia-button-wrap av-k1htvd4u-f1003d1a9f6cffcd171e3d76ab17e719-wrap avia-button-center  avia-builder-el-4  el_after_av_image  avia-builder-el-last  bottone-singolo-prodotto'>\n<style type=\"text\/css\" data-created_by=\"avia_inline_auto\" id=\"style-css-av-k1htvd4u-f1003d1a9f6cffcd171e3d76ab17e719\">\n#top #wrap_all .avia-button.av-k1htvd4u-f1003d1a9f6cffcd171e3d76ab17e719{\nbackground-color:#e4ff00;\nborder-color:#e4ff00;\ncolor:#002539;\n-webkit-transition:all 0.4s ease-in-out;\n-moz-transition:all 0.4s ease-in-out;\n-ms-transition:all 0.4s ease-in-out;\n-o-transition:all 0.4s ease-in-out;\ntransition:all 0.4s ease-in-out;\n}\n<\/style>\n<a href='https:\/\/www.isocanale.com\/es\/contactos\/'  class='avia-button av-k1htvd4u-f1003d1a9f6cffcd171e3d76ab17e719 avia-icon_select-yes-right-icon avia-size-x-large avia-position-center'  ><span class='avia_iconbox_title' >CONT\u00c1CTENOS<\/span><span class='avia_button_icon avia_button_icon_right' aria-hidden='true' data-av_icon='\uf101' data-av_iconfont='fontello'><\/span><\/a><\/div><\/p><\/div>\n<style type=\"text\/css\" data-created_by=\"avia_inline_auto\" id=\"style-css-av-qnza-f569e84351710acf41d7f6424fa23b71\">\n.flex_column.av-qnza-f569e84351710acf41d7f6424fa23b71{\n-webkit-border-radius:0px 0px 0px 0px;\n-moz-border-radius:0px 0px 0px 0px;\nborder-radius:0px 0px 0px 0px;\npadding:0px 0px 0px 0px;\n}\n<\/style>\n<div class='flex_column av-qnza-f569e84351710acf41d7f6424fa23b71 av_one_half  avia-builder-el-5  el_after_av_one_half  el_before_av_hr  av-break-at-tablet flex_column_div av-zero-column-padding '     ><p><br \/>\n<section  class='av_textblock_section av-k21qgkjc-2c74deecc5c8b6437b01f33465d2fd9e'  itemscope=\"itemscope\" itemtype=\"https:\/\/schema.org\/CreativeWork\" ><div class='avia_textblock'  itemprop=\"text\" ><ul>\n<li>Revestimiento de aluminio tratado con laca protectora <strong class=\"fluo\">anticorrosi\u00f3n<\/strong>.<\/li>\n<li><strong class=\"fluo\">Resistencia a los agentes atmosf\u00e9ricos<\/strong> m\u00e1s extremos.<\/li>\n<li>Revestimiento<strong class=\"fluo\"> reflectante.<\/strong><\/li>\n<li><strong class=\"fluo\">F\u00e1cilmente <strong class=\"fluo\">manejable<\/strong>.<\/strong><\/li>\n<\/ul>\n<p><strong class=\"fluo\">Los paneles<\/strong> se <strong class=\"fluo\">suministran en las dimensiones est\u00e1ndar de 1200 mm x 4000 mm<\/strong>, con espesor de 20 mm.<\/p>\n<p>Todos los paneles est\u00e1n hechos de <strong class=\"fluo\">espuma de Polyis<\/strong>o con conductividad t\u00e9rmica inicial (\u03bbi) igual a 0.021 W \/ mK.<\/p>\n<\/div><\/section><\/p><\/div>\n<style type=\"text\/css\" data-created_by=\"avia_inline_auto\" id=\"style-css-av-k21q4ffn-87a0015a7ed9177d3b0d29120aa87495\">\n#top .hr.hr-invisible.av-k21q4ffn-87a0015a7ed9177d3b0d29120aa87495{\nheight:50px;\n}\n<\/style>\n<div  class='hr av-k21q4ffn-87a0015a7ed9177d3b0d29120aa87495 hr-invisible  avia-builder-el-8  el_after_av_one_half  avia-builder-el-last '><span class='hr-inner '><span class=\"hr-inner-style\"><\/span><\/span><\/div>\n<\/div><\/div><\/main><!-- close content main element --><\/div><\/div><div id='av_section_2'  class='avia-section av-k21wwgrl-bed00182393c86b334b471b4cf0f6206 main_color avia-section-default avia-no-border-styling  avia-builder-el-9  el_after_av_section  avia-builder-el-last  avia-bg-style-scroll container_wrap sidebar_right'  ><div class='container av-section-cont-open' ><div class='template-page content  av-content-small alpha units'><div class='post-entry post-entry-type-page post-entry-862'><div class='entry-content-wrapper clearfix'>\n\n<style type=\"text\/css\" data-created_by=\"avia_inline_auto\" id=\"style-css-av-39156-b376c21a76902f867ddc09fbbf60a00f\">\n.flex_column.av-39156-b376c21a76902f867ddc09fbbf60a00f{\n-webkit-border-radius:0px 0px 0px 0px;\n-moz-border-radius:0px 0px 0px 0px;\nborder-radius:0px 0px 0px 0px;\npadding:0px 0px 0px 0px;\n}\n<\/style>\n<div class='flex_column av-39156-b376c21a76902f867ddc09fbbf60a00f av_one_half  avia-builder-el-10  el_before_av_one_fourth  avia-builder-el-first  first av-break-at-tablet flex_column_div av-zero-column-padding '     ><section  class='av_textblock_section av-k21x8fdk-83962e4fb95b8e3bdd9ae5b32b1f72e4'  itemscope=\"itemscope\" itemtype=\"https:\/\/schema.org\/CreativeWork\" ><div class='avia_textblock'  itemprop=\"text\" ><div class=\"sottotitlo\"><strong>por qu\u00e9 extreme<\/strong><\/div>\n<p><strong>Para realizar conductos de aire en ambientes altamente agresivos o contaminados<\/strong>, tanto para el sector industrial, como instalaciones agr\u00edcolas, o curtidur\u00edas; tanto en el contexto de las instalaciones deportivas, como las piscinas.<\/p>\n<\/div><\/section><\/div>\n<style type=\"text\/css\" data-created_by=\"avia_inline_auto\" id=\"style-css-av-39156-e53a75198bd331b1575a6ed131a77a1b\">\n.flex_column.av-39156-e53a75198bd331b1575a6ed131a77a1b{\n-webkit-border-radius:0px 0px 0px 0px;\n-moz-border-radius:0px 0px 0px 0px;\nborder-radius:0px 0px 0px 0px;\npadding:0px 0px 0px 0px;\n}\n<\/style>\n<div class='flex_column av-39156-e53a75198bd331b1575a6ed131a77a1b av_one_fourth  avia-builder-el-12  el_after_av_one_half  el_before_av_one_fourth  av-break-at-tablet flex_column_div av-zero-column-padding '     ><section  class='av_textblock_section av-k21x8fdk-33a6e2c11e61107808b94fcd3264cf7c'  itemscope=\"itemscope\" itemtype=\"https:\/\/schema.org\/CreativeWork\" ><div class='avia_textblock centrato'  itemprop=\"text\" ><div class=\"sottotitlo\"><strong>producto<br \/>\ncertificado<\/strong><\/div>\n<\/div><\/section><br \/>\n\n<style type=\"text\/css\" data-created_by=\"avia_inline_auto\" id=\"style-css-av-kaicf1il-07e8102c2d07bc89bf0c262c9ff760c6\">\n.avia-image-container.av-kaicf1il-07e8102c2d07bc89bf0c262c9ff760c6 img.avia_image{\nbox-shadow:none;\n}\n.avia-image-container.av-kaicf1il-07e8102c2d07bc89bf0c262c9ff760c6 .av-image-caption-overlay-center{\ncolor:#ffffff;\n}\n<\/style>\n<div  class='avia-image-container av-kaicf1il-07e8102c2d07bc89bf0c262c9ff760c6 av-styling- avia-align-center  avia-builder-el-14  el_after_av_textblock  avia-builder-el-last '   itemprop=\"image\" itemscope=\"itemscope\" itemtype=\"https:\/\/schema.org\/ImageObject\" ><div class=\"avia-image-container-inner\"><div class=\"avia-image-overlay-wrap\"><a href=\"https:\/\/www.isocanale.com\/sistema-isocanale\/certificazioni\/\" class='avia_image' ><img decoding=\"async\" class='wp-image-1705 avia-img-lazy-loading-not-1705 avia_image ' src=\"https:\/\/www.isocanale.com\/wp-content\/uploads\/2020\/05\/ce-1.jpg\" alt='' title='ce'  height=\"168\" width=\"300\"  itemprop=\"thumbnailUrl\"  \/><\/a><\/div><\/div><\/div><\/p><\/div>\n<style type=\"text\/css\" data-created_by=\"avia_inline_auto\" id=\"style-css-av-39156-e53a75198bd331b1575a6ed131a77a1b\">\n.flex_column.av-39156-e53a75198bd331b1575a6ed131a77a1b{\n-webkit-border-radius:0px 0px 0px 0px;\n-moz-border-radius:0px 0px 0px 0px;\nborder-radius:0px 0px 0px 0px;\npadding:0px 0px 0px 0px;\n}\n<\/style>\n<div class='flex_column av-39156-e53a75198bd331b1575a6ed131a77a1b av_one_fourth  avia-builder-el-15  el_after_av_one_fourth  avia-builder-el-last  av-break-at-tablet flex_column_div av-zero-column-padding '     ><section  class='av_textblock_section av-k21x8fdk-33a6e2c11e61107808b94fcd3264cf7c'  itemscope=\"itemscope\" itemtype=\"https:\/\/schema.org\/CreativeWork\" ><div class='avia_textblock centrato'  itemprop=\"text\" ><div class=\"sottotitlo\"><strong>producto<br \/>\necosostenible<\/strong><\/div>\n<\/div><\/section><br \/>\n\n<style type=\"text\/css\" data-created_by=\"avia_inline_auto\" id=\"style-css-av-kaicf1il-38fffc803fd82501e7462ca319290e1d\">\n.avia-image-container.av-kaicf1il-38fffc803fd82501e7462ca319290e1d img.avia_image{\nbox-shadow:none;\n}\n.avia-image-container.av-kaicf1il-38fffc803fd82501e7462ca319290e1d .av-image-caption-overlay-center{\ncolor:#ffffff;\n}\n<\/style>\n<div  class='avia-image-container av-kaicf1il-38fffc803fd82501e7462ca319290e1d av-styling- avia-align-center  avia-builder-el-17  el_after_av_textblock  avia-builder-el-last '   itemprop=\"image\" itemscope=\"itemscope\" itemtype=\"https:\/\/schema.org\/ImageObject\" ><div class=\"avia-image-container-inner\"><div class=\"avia-image-overlay-wrap\"><a href=\"https:\/\/www.isocanale.com\/sistema-isocanale\/sostenibilita-ambientale\/\" class='avia_image' ><img decoding=\"async\" class='wp-image-1702 avia-img-lazy-loading-not-1702 avia_image ' src=\"https:\/\/www.isocanale.com\/wp-content\/uploads\/2020\/05\/epd-1.jpg\" alt='Enviromental Product Declaration (EPD)' title='epd'  height=\"168\" width=\"300\"  itemprop=\"thumbnailUrl\"  \/><\/a><\/div><\/div><\/div><\/p><\/div>\n<\/div><\/div><\/div><!-- close content main div --><\/div><\/div><div id='after_section_2'  class='main_color av_default_container_wrap container_wrap sidebar_right'  ><div class='container av-section-cont-open' ><div class='template-page content  av-content-small alpha units'><div class='post-entry post-entry-type-page post-entry-862'><div class='entry-content-wrapper clearfix'><\/p>\n","protected":false},"excerpt":{"rendered":"","protected":false},"author":1,"featured_media":0,"parent":848,"menu_order":0,"comment_status":"closed","ping_status":"closed","template":"","meta":{"footnotes":""},"class_list":["post-862","page","type-page","status-publish","hentry"],"yoast_head":"<!-- This site is optimized with the Yoast SEO plugin v25.5 - https:\/\/yoast.com\/wordpress\/plugins\/seo\/ -->\n<title>Paneles para conductos de aire en ambientes agresivos - ISOCANALE Extreme<\/title>\n<meta name=\"description\" content=\"Descubre ISOCANALE Extreme: el sistema Stiferite para la construcci\u00f3n de conductos de aire en ambientes agresivos como piscinas, instalaciones agr\u00edcolas, curtidur\u00edas.\" \/>\n<meta name=\"robots\" content=\"index, follow, max-snippet:-1, max-image-preview:large, max-video-preview:-1\" \/>\n<link rel=\"canonical\" href=\"https:\/\/www.isocanale.com\/es\/sistema-isocanale\/aplicaciones\/isocanale-extreme\/\" \/>\n<meta property=\"og:locale\" content=\"es_ES\" \/>\n<meta property=\"og:type\" content=\"article\" \/>\n<meta property=\"og:title\" content=\"Paneles para conductos de aire en ambientes agresivos - ISOCANALE Extreme\" \/>\n<meta property=\"og:description\" content=\"Descubre ISOCANALE Extreme: el sistema Stiferite para la construcci\u00f3n de conductos de aire en ambientes agresivos como piscinas, instalaciones agr\u00edcolas, curtidur\u00edas.\" \/>\n<meta property=\"og:url\" content=\"https:\/\/www.isocanale.com\/es\/sistema-isocanale\/aplicaciones\/isocanale-extreme\/\" \/>\n<meta property=\"og:site_name\" content=\"ISOCANALE\" \/>\n<meta property=\"article:modified_time\" content=\"2025-07-18T08:39:37+00:00\" \/>\n<meta name=\"twitter:card\" content=\"summary_large_image\" \/>\n<meta name=\"twitter:label1\" content=\"Tiempo de lectura\" \/>\n\t<meta name=\"twitter:data1\" content=\"3 minutos\" \/>\n<script type=\"application\/ld+json\" class=\"yoast-schema-graph\">{\"@context\":\"https:\/\/schema.org\",\"@graph\":[{\"@type\":\"WebPage\",\"@id\":\"https:\/\/www.isocanale.com\/es\/sistema-isocanale\/aplicaciones\/isocanale-extreme\/\",\"url\":\"https:\/\/www.isocanale.com\/es\/sistema-isocanale\/aplicaciones\/isocanale-extreme\/\",\"name\":\"Paneles para conductos de aire en ambientes agresivos - ISOCANALE Extreme\",\"isPartOf\":{\"@id\":\"https:\/\/www.isocanale.com\/#website\"},\"datePublished\":\"2019-09-24T09:50:37+00:00\",\"dateModified\":\"2025-07-18T08:39:37+00:00\",\"description\":\"Descubre ISOCANALE Extreme: el sistema Stiferite para la construcci\u00f3n de conductos de aire en ambientes agresivos como piscinas, instalaciones agr\u00edcolas, curtidur\u00edas.\",\"breadcrumb\":{\"@id\":\"https:\/\/www.isocanale.com\/es\/sistema-isocanale\/aplicaciones\/isocanale-extreme\/#breadcrumb\"},\"inLanguage\":\"es\",\"potentialAction\":[{\"@type\":\"ReadAction\",\"target\":[\"https:\/\/www.isocanale.com\/es\/sistema-isocanale\/aplicaciones\/isocanale-extreme\/\"]}]},{\"@type\":\"BreadcrumbList\",\"@id\":\"https:\/\/www.isocanale.com\/es\/sistema-isocanale\/aplicaciones\/isocanale-extreme\/#breadcrumb\",\"itemListElement\":[{\"@type\":\"ListItem\",\"position\":1,\"name\":\"Home\",\"item\":\"https:\/\/www.isocanale.com\/es\/home\/\"},{\"@type\":\"ListItem\",\"position\":2,\"name\":\"Sistema Isocanale\",\"item\":\"https:\/\/www.isocanale.com\/es\/sistema-isocanale\/\"},{\"@type\":\"ListItem\",\"position\":3,\"name\":\"Aplicaciones\",\"item\":\"https:\/\/www.isocanale.com\/es\/sistema-isocanale\/aplicaciones\/\"},{\"@type\":\"ListItem\",\"position\":4,\"name\":\"Isocanale Extreme\"}]},{\"@type\":\"WebSite\",\"@id\":\"https:\/\/www.isocanale.com\/#website\",\"url\":\"https:\/\/www.isocanale.com\/\",\"name\":\"ISOCANALE\",\"description\":\"Sistema di Canali Preisolati per il Trasporto dell&#039;Aria\",\"publisher\":{\"@id\":\"https:\/\/www.isocanale.com\/#organization\"},\"potentialAction\":[{\"@type\":\"SearchAction\",\"target\":{\"@type\":\"EntryPoint\",\"urlTemplate\":\"https:\/\/www.isocanale.com\/?s={search_term_string}\"},\"query-input\":{\"@type\":\"PropertyValueSpecification\",\"valueRequired\":true,\"valueName\":\"search_term_string\"}}],\"inLanguage\":\"es\"},{\"@type\":\"Organization\",\"@id\":\"https:\/\/www.isocanale.com\/#organization\",\"name\":\"Isocanale Stiferite\",\"url\":\"https:\/\/www.isocanale.com\/\",\"logo\":{\"@type\":\"ImageObject\",\"inLanguage\":\"es\",\"@id\":\"https:\/\/www.isocanale.com\/#\/schema\/logo\/image\/\",\"url\":\"\",\"contentUrl\":\"\",\"caption\":\"Isocanale Stiferite\"},\"image\":{\"@id\":\"https:\/\/www.isocanale.com\/#\/schema\/logo\/image\/\"}}]}<\/script>\n<!-- \/ Yoast SEO plugin. -->","yoast_head_json":{"title":"Paneles para conductos de aire en ambientes agresivos - ISOCANALE Extreme","description":"Descubre ISOCANALE Extreme: el sistema Stiferite para la construcci\u00f3n de conductos de aire en ambientes agresivos como piscinas, instalaciones agr\u00edcolas, curtidur\u00edas.","robots":{"index":"index","follow":"follow","max-snippet":"max-snippet:-1","max-image-preview":"max-image-preview:large","max-video-preview":"max-video-preview:-1"},"canonical":"https:\/\/www.isocanale.com\/es\/sistema-isocanale\/aplicaciones\/isocanale-extreme\/","og_locale":"es_ES","og_type":"article","og_title":"Paneles para conductos de aire en ambientes agresivos - ISOCANALE Extreme","og_description":"Descubre ISOCANALE Extreme: el sistema Stiferite para la construcci\u00f3n de conductos de aire en ambientes agresivos como piscinas, instalaciones agr\u00edcolas, curtidur\u00edas.","og_url":"https:\/\/www.isocanale.com\/es\/sistema-isocanale\/aplicaciones\/isocanale-extreme\/","og_site_name":"ISOCANALE","article_modified_time":"2025-07-18T08:39:37+00:00","twitter_card":"summary_large_image","twitter_misc":{"Tiempo de lectura":"3 minutos"},"schema":{"@context":"https:\/\/schema.org","@graph":[{"@type":"WebPage","@id":"https:\/\/www.isocanale.com\/es\/sistema-isocanale\/aplicaciones\/isocanale-extreme\/","url":"https:\/\/www.isocanale.com\/es\/sistema-isocanale\/aplicaciones\/isocanale-extreme\/","name":"Paneles para conductos de aire en ambientes agresivos - ISOCANALE Extreme","isPartOf":{"@id":"https:\/\/www.isocanale.com\/#website"},"datePublished":"2019-09-24T09:50:37+00:00","dateModified":"2025-07-18T08:39:37+00:00","description":"Descubre ISOCANALE Extreme: el sistema Stiferite para la construcci\u00f3n de conductos de aire en ambientes agresivos como piscinas, instalaciones agr\u00edcolas, curtidur\u00edas.","breadcrumb":{"@id":"https:\/\/www.isocanale.com\/es\/sistema-isocanale\/aplicaciones\/isocanale-extreme\/#breadcrumb"},"inLanguage":"es","potentialAction":[{"@type":"ReadAction","target":["https:\/\/www.isocanale.com\/es\/sistema-isocanale\/aplicaciones\/isocanale-extreme\/"]}]},{"@type":"BreadcrumbList","@id":"https:\/\/www.isocanale.com\/es\/sistema-isocanale\/aplicaciones\/isocanale-extreme\/#breadcrumb","itemListElement":[{"@type":"ListItem","position":1,"name":"Home","item":"https:\/\/www.isocanale.com\/es\/home\/"},{"@type":"ListItem","position":2,"name":"Sistema Isocanale","item":"https:\/\/www.isocanale.com\/es\/sistema-isocanale\/"},{"@type":"ListItem","position":3,"name":"Aplicaciones","item":"https:\/\/www.isocanale.com\/es\/sistema-isocanale\/aplicaciones\/"},{"@type":"ListItem","position":4,"name":"Isocanale Extreme"}]},{"@type":"WebSite","@id":"https:\/\/www.isocanale.com\/#website","url":"https:\/\/www.isocanale.com\/","name":"ISOCANALE","description":"Sistema di Canali Preisolati per il Trasporto dell&#039;Aria","publisher":{"@id":"https:\/\/www.isocanale.com\/#organization"},"potentialAction":[{"@type":"SearchAction","target":{"@type":"EntryPoint","urlTemplate":"https:\/\/www.isocanale.com\/?s={search_term_string}"},"query-input":{"@type":"PropertyValueSpecification","valueRequired":true,"valueName":"search_term_string"}}],"inLanguage":"es"},{"@type":"Organization","@id":"https:\/\/www.isocanale.com\/#organization","name":"Isocanale Stiferite","url":"https:\/\/www.isocanale.com\/","logo":{"@type":"ImageObject","inLanguage":"es","@id":"https:\/\/www.isocanale.com\/#\/schema\/logo\/image\/","url":"","contentUrl":"","caption":"Isocanale Stiferite"},"image":{"@id":"https:\/\/www.isocanale.com\/#\/schema\/logo\/image\/"}}]}},"_links":{"self":[{"href":"https:\/\/www.isocanale.com\/es\/wp-json\/wp\/v2\/pages\/862","targetHints":{"allow":["GET"]}}],"collection":[{"href":"https:\/\/www.isocanale.com\/es\/wp-json\/wp\/v2\/pages"}],"about":[{"href":"https:\/\/www.isocanale.com\/es\/wp-json\/wp\/v2\/types\/page"}],"author":[{"embeddable":true,"href":"https:\/\/www.isocanale.com\/es\/wp-json\/wp\/v2\/users\/1"}],"replies":[{"embeddable":true,"href":"https:\/\/www.isocanale.com\/es\/wp-json\/wp\/v2\/comments?post=862"}],"version-history":[{"count":6,"href":"https:\/\/www.isocanale.com\/es\/wp-json\/wp\/v2\/pages\/862\/revisions"}],"predecessor-version":[{"id":4244,"href":"https:\/\/www.isocanale.com\/es\/wp-json\/wp\/v2\/pages\/862\/revisions\/4244"}],"up":[{"embeddable":true,"href":"https:\/\/www.isocanale.com\/es\/wp-json\/wp\/v2\/pages\/848"}],"wp:attachment":[{"href":"https:\/\/www.isocanale.com\/es\/wp-json\/wp\/v2\/media?parent=862"}],"curies":[{"name":"wp","href":"https:\/\/api.w.org\/{rel}","templated":true}]}}