{"id":840,"date":"2019-10-24T16:16:55","date_gmt":"2019-10-24T16:16:55","guid":{"rendered":"http:\/\/www.isocanale.com\/pannelli-di-poliuretano\/placche-di-poliuretano\/"},"modified":"2022-08-07T08:13:29","modified_gmt":"2022-08-07T08:13:29","slug":"placas-de-poliuretano","status":"publish","type":"page","link":"https:\/\/www.isocanale.com\/es\/placas-de-poliuretano\/","title":{"rendered":"Placas Rigidas de Poliuretano"},"content":{"rendered":"<div id='av_section_1'  class='avia-section av-k21khcpf-05f049b8bb778e450892c2d68a9afa0f alternate_color avia-section-small avia-no-border-styling  avia-builder-el-0  el_before_av_section  avia-builder-el-first  avia-bg-style-scroll container_wrap sidebar_right'  ><div class='container av-section-cont-open' ><main  role=\"main\" itemprop=\"mainContentOfPage\"  class='template-page content  av-content-small alpha units'><div class='post-entry post-entry-type-page post-entry-840'><div class='entry-content-wrapper clearfix'>\n\n<style type=\"text\/css\" data-created_by=\"avia_inline_auto\" id=\"style-css-av-z4x0-2c2cc853bc12f40123f3ab5c4a047c53\">\n.flex_column.av-z4x0-2c2cc853bc12f40123f3ab5c4a047c53{\n-webkit-border-radius:0px 0px 0px 0px;\n-moz-border-radius:0px 0px 0px 0px;\nborder-radius:0px 0px 0px 0px;\npadding:0px 0px 0px 0px;\n}\n<\/style>\n<div class='flex_column av-z4x0-2c2cc853bc12f40123f3ab5c4a047c53 av_one_full  avia-builder-el-1  el_before_av_hr  avia-builder-el-first  first flex_column_div av-zero-column-padding '     ><section  class='av_textblock_section av-k21kl3o2-3506bd43beb6aaed8db35aed6774398f'  itemscope=\"itemscope\" itemtype=\"https:\/\/schema.org\/CreativeWork\" ><div class='avia_textblock'  itemprop=\"text\" ><h1>Placa aislante de poliuretano<\/h1>\n<p>La <strong>placa de espuma de poliuretano<\/strong> Stiferite es una<strong> placa de aislamiento t\u00e9rmico<\/strong> de espuma de Polyiso con conductividad t\u00e9rmica inicial (\u03bbi) de 0,021 W\/mK.<\/p>\n<\/div><\/section><br \/>\n<div  class='avia-button-wrap av-k1htvd4u-070f8afdb9db458913006e0ad06e5a01-wrap avia-button-left  avia-builder-el-3  el_after_av_textblock  avia-builder-el-last  bottone-standard pulsante-sfondo-blue'>\n<style type=\"text\/css\" data-created_by=\"avia_inline_auto\" id=\"style-css-av-k1htvd4u-070f8afdb9db458913006e0ad06e5a01\">\n#top #wrap_all .avia-button.av-k1htvd4u-070f8afdb9db458913006e0ad06e5a01{\nbackground-color:#e4ff00;\nborder-color:#e4ff00;\ncolor:#002539;\n-webkit-transition:all 0.4s ease-in-out;\n-moz-transition:all 0.4s ease-in-out;\n-ms-transition:all 0.4s ease-in-out;\n-o-transition:all 0.4s ease-in-out;\ntransition:all 0.4s ease-in-out;\n}\n<\/style>\n<a href='https:\/\/www.isocanale.com\/es\/contactos\/'  class='avia-button av-k1htvd4u-070f8afdb9db458913006e0ad06e5a01 avia-icon_select-yes-right-icon avia-size-medium avia-position-left'  ><span class='avia_iconbox_title' >CONT\u00c1CTENOS<\/span><span class='avia_button_icon avia_button_icon_right' aria-hidden='true' data-av_icon='\uf101' data-av_iconfont='fontello'><\/span><\/a><\/div><\/p><\/div>\n<style type=\"text\/css\" data-created_by=\"avia_inline_auto\" id=\"style-css-av-k21l6ban-5f2776a8558b1c11c023a854a34c107c\">\n#top .hr.hr-invisible.av-k21l6ban-5f2776a8558b1c11c023a854a34c107c{\nheight:20px;\n}\n<\/style>\n<div  class='hr av-k21l6ban-5f2776a8558b1c11c023a854a34c107c hr-invisible  avia-builder-el-4  el_after_av_one_full  avia-builder-el-last '><span class='hr-inner '><span class=\"hr-inner-style\"><\/span><\/span><\/div>\n\n<\/div><\/div><\/main><!-- close content main element --><\/div><\/div><div id='av_section_2'  class='avia-section av-3s8ew-eca96ff114c055d4199385d516b94f2c main_color avia-section-default avia-no-border-styling  avia-builder-el-5  el_after_av_section  avia-builder-el-last  avia-bg-style-scroll container_wrap sidebar_right'  ><div class='container av-section-cont-open' ><div class='template-page content  av-content-small alpha units'><div class='post-entry post-entry-type-page post-entry-840'><div class='entry-content-wrapper clearfix'>\n<div class='flex_column_table av-k24tfk9p-432eef4732b58fbca731004bcdcd0123 sc-av_one_half av-break-at-tablet-flextable av-equal-height-column-flextable'>\n<style type=\"text\/css\" data-created_by=\"avia_inline_auto\" id=\"style-css-av-k24tfk9p-432eef4732b58fbca731004bcdcd0123\">\n.flex_column.av-k24tfk9p-432eef4732b58fbca731004bcdcd0123{\n-webkit-border-radius:0px 0px 0px 0px;\n-moz-border-radius:0px 0px 0px 0px;\nborder-radius:0px 0px 0px 0px;\npadding:0px 0px 0px 0px;\n}\n<\/style>\n<div class='flex_column av-k24tfk9p-432eef4732b58fbca731004bcdcd0123 av_one_half  avia-builder-el-6  el_before_av_one_half  avia-builder-el-first  first av-break-at-tablet flex_column_table_cell av-equal-height-column av-align-middle av-zero-column-padding '     ><style type=\"text\/css\" data-created_by=\"avia_inline_auto\" id=\"style-css-av-k24tbi1o-45cfb1046529808f92767f5e846b7ad4\">\n.avia-image-container.av-k24tbi1o-45cfb1046529808f92767f5e846b7ad4 img.avia_image{\nbox-shadow:none;\n}\n.avia-image-container.av-k24tbi1o-45cfb1046529808f92767f5e846b7ad4 .av-image-caption-overlay-center{\ncolor:#ffffff;\n}\n<\/style>\n<div  class='avia-image-container av-k24tbi1o-45cfb1046529808f92767f5e846b7ad4 av-styling- avia-align-center  avia-builder-el-7  avia-builder-el-no-sibling '   itemprop=\"image\" itemscope=\"itemscope\" itemtype=\"https:\/\/schema.org\/ImageObject\" ><div class=\"avia-image-container-inner\"><div class=\"avia-image-overlay-wrap\"><img decoding=\"async\" class='wp-image-743 avia-img-lazy-loading-not-743 avia_image ' src=\"https:\/\/www.isocanale.com\/wp-content\/uploads\/2019\/11\/vantaggi-placca-poliuretano.jpg\" alt='optimizaci\u00f3n en los tiempos de elaboraci\u00f3n' title='optimizaci\u00f3n en los tiempos de elaboraci\u00f3n'  height=\"533\" width=\"800\"  itemprop=\"thumbnailUrl\" srcset=\"https:\/\/www.isocanale.com\/wp-content\/uploads\/2019\/11\/vantaggi-placca-poliuretano.jpg 800w, https:\/\/www.isocanale.com\/wp-content\/uploads\/2019\/11\/vantaggi-placca-poliuretano-300x200.jpg 300w, https:\/\/www.isocanale.com\/wp-content\/uploads\/2019\/11\/vantaggi-placca-poliuretano-768x512.jpg 768w, https:\/\/www.isocanale.com\/wp-content\/uploads\/2019\/11\/vantaggi-placca-poliuretano-705x470.jpg 705w\" sizes=\"(max-width: 800px) 100vw, 800px\" \/><\/div><\/div><\/div><\/div><div class='av-flex-placeholder'><\/div>\n<style type=\"text\/css\" data-created_by=\"avia_inline_auto\" id=\"style-css-av-37xmk-ae2807c14978ef0ec98c08d910590e77\">\n.flex_column.av-37xmk-ae2807c14978ef0ec98c08d910590e77{\n-webkit-border-radius:0px 0px 0px 0px;\n-moz-border-radius:0px 0px 0px 0px;\nborder-radius:0px 0px 0px 0px;\npadding:0px 0px 0px 0px;\n}\n<\/style>\n<div class='flex_column av-37xmk-ae2807c14978ef0ec98c08d910590e77 av_one_half  avia-builder-el-8  el_after_av_one_half  el_before_av_one_half  av-break-at-tablet flex_column_table_cell av-equal-height-column av-align-middle av-zero-column-padding '     ><section  class='av_textblock_section av-k24tfe2m-d9c35ab531a26eac9d10bb264d6cf017'  itemscope=\"itemscope\" itemtype=\"https:\/\/schema.org\/CreativeWork\" ><div class='avia_textblock'  itemprop=\"text\" ><h2>Ventajas en la elaboraci\u00f3n de un canal con las placas de poliuretano<\/h2>\n<p><strong>Construir un canal con placas de poliisocianurato<\/strong> significa garantizar una <strong>optimizaci\u00f3n en los tiempos de elaboraci\u00f3n<\/strong>, gracias a la composici\u00f3n de las placas r\u00edgidas de poliisocianurato.<\/p>\n<p>Adicional,<strong> las placas r\u00edgidas de poliuretano contienen la espuma de <a title=\"Poliuretano en paneles\" href=\"https:\/\/www.isocanale.com\/es\/paneles-de-poliuretano\/\">poliuretano<\/a><\/strong> que es un <strong>\u00f3ptimo aislante t\u00e9rmico<\/strong>: de esta manera se pueden obtener <strong>grandes ahorros en el consumo energ\u00e9tico y<\/strong>, por consiguiente, <strong>en los costos.<\/strong><\/p>\n<\/div><\/section><\/div><\/div><!--close column table wrapper. Autoclose: 1 --><div class='flex_column_table av-2g1ow-63aa071dbf1f7ca3613196a76d049b90 sc-av_one_half av-break-at-tablet-flextable av-equal-height-column-flextable'>\n<style type=\"text\/css\" data-created_by=\"avia_inline_auto\" id=\"style-css-av-2g1ow-63aa071dbf1f7ca3613196a76d049b90\">\n.flex_column.av-2g1ow-63aa071dbf1f7ca3613196a76d049b90{\n-webkit-border-radius:0px 0px 0px 0px;\n-moz-border-radius:0px 0px 0px 0px;\nborder-radius:0px 0px 0px 0px;\npadding:0px 0px 0px 0px;\n}\n<\/style>\n<div class='flex_column av-2g1ow-63aa071dbf1f7ca3613196a76d049b90 av_one_half  avia-builder-el-10  el_after_av_one_half  el_before_av_one_half  first av-break-at-tablet flex_column_table_cell av-equal-height-column av-align-middle av-zero-column-padding column-top-margin'     ><section  class='av_textblock_section av-1xzug-3316b17e94ce14f88fa95fac25404c49'  itemscope=\"itemscope\" itemtype=\"https:\/\/schema.org\/CreativeWork\" ><div class='avia_textblock'  itemprop=\"text\" ><h2>Placa de poliisocianurato: espesores y medidas<\/h2>\n<p>Los<strong> espesores<\/strong> disponibles para las <strong>placas de poliuretano son de 20.5 o 30.5 mm<\/strong> y las placas son producidas en las dimensiones standard de 1200 x 4000 mm o 1200 x 3000 mm.<\/p>\n<p>La <strong>ficha t\u00e9cnica de la placa de poliisocianurato<\/strong> y la ficha de seguridad est\u00e1n disponibles en la p\u00e1gina <a href=\"https:\/\/www.isocanale.com\/es\/documentos\/\">Documentos<\/a> mientras que otros documentos est\u00e1n disponibles a solicitud enviando un correo electr\u00f3nico a <a href=\"mailto:export@stiferite.com\">export@stiferite.com<\/a>.<\/p>\n<div id=\"gtx-trans\" style=\"position: absolute; left: -7px; top: 4.4375px;\">\n<div class=\"gtx-trans-icon\"><\/div>\n<\/div>\n<\/div><\/section><\/div><div class='av-flex-placeholder'><\/div>\n<style type=\"text\/css\" data-created_by=\"avia_inline_auto\" id=\"style-css-av-1g364-6e7d90f595f1be9356362c58b57d7c58\">\n.flex_column.av-1g364-6e7d90f595f1be9356362c58b57d7c58{\n-webkit-border-radius:0px 0px 0px 0px;\n-moz-border-radius:0px 0px 0px 0px;\nborder-radius:0px 0px 0px 0px;\npadding:0px 0px 0px 0px;\n}\n<\/style>\n<div class='flex_column av-1g364-6e7d90f595f1be9356362c58b57d7c58 av_one_half  avia-builder-el-12  el_after_av_one_half  avia-builder-el-last  av-break-at-tablet flex_column_table_cell av-equal-height-column av-align-middle av-zero-column-padding column-top-margin'     ><style type=\"text\/css\" data-created_by=\"avia_inline_auto\" id=\"style-css-av-10l58-3b582113788dc738a87979301534a785\">\n.avia-image-container.av-10l58-3b582113788dc738a87979301534a785 img.avia_image{\nbox-shadow:none;\n}\n.avia-image-container.av-10l58-3b582113788dc738a87979301534a785 .av-image-caption-overlay-center{\ncolor:#ffffff;\n}\n<\/style>\n<div  class='avia-image-container av-10l58-3b582113788dc738a87979301534a785 av-styling- avia-align-center  avia-builder-el-13  avia-builder-el-no-sibling '   itemprop=\"image\" itemscope=\"itemscope\" itemtype=\"https:\/\/schema.org\/ImageObject\" ><div class=\"avia-image-container-inner\"><div class=\"avia-image-overlay-wrap\"><img decoding=\"async\" class='wp-image-570 avia-img-lazy-loading-not-570 avia_image ' src=\"https:\/\/www.isocanale.com\/wp-content\/uploads\/2019\/10\/panneli-poliuretano-800x630.jpg\" alt='Placa de poliisocianurato' title='Placa de poliisocianurato'  height=\"630\" width=\"800\"  itemprop=\"thumbnailUrl\"  \/><\/div><\/div><\/div><\/div><\/div><!--close column table wrapper. Autoclose: 1 --><\/div><\/div><\/div><!-- close content main div --><\/div><\/div><div id='after_section_2'  class='main_color av_default_container_wrap container_wrap sidebar_right'  ><div class='container av-section-cont-open' ><div class='template-page content  av-content-small alpha units'><div class='post-entry post-entry-type-page post-entry-840'><div class='entry-content-wrapper clearfix'>\n","protected":false},"excerpt":{"rendered":"","protected":false},"author":1,"featured_media":0,"parent":0,"menu_order":0,"comment_status":"closed","ping_status":"closed","template":"","meta":{"footnotes":""},"class_list":["post-840","page","type-page","status-publish","hentry"],"yoast_head":"<!-- This site is optimized with the Yoast SEO plugin v25.5 - https:\/\/yoast.com\/wordpress\/plugins\/seo\/ -->\n<title>Placas de Poliuretano | Placa Espuma Poliisocianurato R\u00edgida | ISOCANALE<\/title>\n<meta name=\"description\" content=\"Construir un canal con placas de poliisocianurato significa garantizar una optimizaci\u00f3n en los tiempos de elaboraci\u00f3n, gracias a la composici\u00f3n de las placas r\u00edgidas de poliisocianurato.\" \/>\n<meta name=\"robots\" content=\"index, follow, max-snippet:-1, max-image-preview:large, max-video-preview:-1\" \/>\n<link rel=\"canonical\" href=\"https:\/\/www.isocanale.com\/es\/placas-de-poliuretano\/\" \/>\n<meta property=\"og:locale\" content=\"es_ES\" \/>\n<meta property=\"og:type\" content=\"article\" \/>\n<meta property=\"og:title\" content=\"Placas de Poliuretano | Placa Espuma Poliisocianurato R\u00edgida | ISOCANALE\" \/>\n<meta property=\"og:description\" content=\"Construir un canal con placas de poliisocianurato significa garantizar una optimizaci\u00f3n en los tiempos de elaboraci\u00f3n, gracias a la composici\u00f3n de las placas r\u00edgidas de poliisocianurato.\" \/>\n<meta property=\"og:url\" content=\"https:\/\/www.isocanale.com\/es\/placas-de-poliuretano\/\" \/>\n<meta property=\"og:site_name\" content=\"ISOCANALE\" \/>\n<meta property=\"article:modified_time\" content=\"2022-08-07T08:13:29+00:00\" \/>\n<meta name=\"twitter:card\" content=\"summary_large_image\" \/>\n<meta name=\"twitter:label1\" content=\"Tiempo de lectura\" \/>\n\t<meta name=\"twitter:data1\" content=\"4 minutos\" \/>\n<script type=\"application\/ld+json\" class=\"yoast-schema-graph\">{\"@context\":\"https:\/\/schema.org\",\"@graph\":[{\"@type\":\"WebPage\",\"@id\":\"https:\/\/www.isocanale.com\/es\/placas-de-poliuretano\/\",\"url\":\"https:\/\/www.isocanale.com\/es\/placas-de-poliuretano\/\",\"name\":\"Placas de Poliuretano | Placa Espuma Poliisocianurato R\u00edgida | ISOCANALE\",\"isPartOf\":{\"@id\":\"https:\/\/www.isocanale.com\/#website\"},\"datePublished\":\"2019-10-24T16:16:55+00:00\",\"dateModified\":\"2022-08-07T08:13:29+00:00\",\"description\":\"Construir un canal con placas de poliisocianurato significa garantizar una optimizaci\u00f3n en los tiempos de elaboraci\u00f3n, gracias a la composici\u00f3n de las placas r\u00edgidas de poliisocianurato.\",\"breadcrumb\":{\"@id\":\"https:\/\/www.isocanale.com\/es\/placas-de-poliuretano\/#breadcrumb\"},\"inLanguage\":\"es\",\"potentialAction\":[{\"@type\":\"ReadAction\",\"target\":[\"https:\/\/www.isocanale.com\/es\/placas-de-poliuretano\/\"]}]},{\"@type\":\"BreadcrumbList\",\"@id\":\"https:\/\/www.isocanale.com\/es\/placas-de-poliuretano\/#breadcrumb\",\"itemListElement\":[{\"@type\":\"ListItem\",\"position\":1,\"name\":\"Home\",\"item\":\"https:\/\/www.isocanale.com\/es\/home\/\"},{\"@type\":\"ListItem\",\"position\":2,\"name\":\"Placas Rigidas de Poliuretano\"}]},{\"@type\":\"WebSite\",\"@id\":\"https:\/\/www.isocanale.com\/#website\",\"url\":\"https:\/\/www.isocanale.com\/\",\"name\":\"ISOCANALE\",\"description\":\"Sistema di Canali Preisolati per il Trasporto dell&#039;Aria\",\"publisher\":{\"@id\":\"https:\/\/www.isocanale.com\/#organization\"},\"potentialAction\":[{\"@type\":\"SearchAction\",\"target\":{\"@type\":\"EntryPoint\",\"urlTemplate\":\"https:\/\/www.isocanale.com\/?s={search_term_string}\"},\"query-input\":{\"@type\":\"PropertyValueSpecification\",\"valueRequired\":true,\"valueName\":\"search_term_string\"}}],\"inLanguage\":\"es\"},{\"@type\":\"Organization\",\"@id\":\"https:\/\/www.isocanale.com\/#organization\",\"name\":\"Isocanale Stiferite\",\"url\":\"https:\/\/www.isocanale.com\/\",\"logo\":{\"@type\":\"ImageObject\",\"inLanguage\":\"es\",\"@id\":\"https:\/\/www.isocanale.com\/#\/schema\/logo\/image\/\",\"url\":\"\",\"contentUrl\":\"\",\"caption\":\"Isocanale Stiferite\"},\"image\":{\"@id\":\"https:\/\/www.isocanale.com\/#\/schema\/logo\/image\/\"}}]}<\/script>\n<!-- \/ Yoast SEO plugin. -->","yoast_head_json":{"title":"Placas de Poliuretano | Placa Espuma Poliisocianurato R\u00edgida | ISOCANALE","description":"Construir un canal con placas de poliisocianurato significa garantizar una optimizaci\u00f3n en los tiempos de elaboraci\u00f3n, gracias a la composici\u00f3n de las placas r\u00edgidas de poliisocianurato.","robots":{"index":"index","follow":"follow","max-snippet":"max-snippet:-1","max-image-preview":"max-image-preview:large","max-video-preview":"max-video-preview:-1"},"canonical":"https:\/\/www.isocanale.com\/es\/placas-de-poliuretano\/","og_locale":"es_ES","og_type":"article","og_title":"Placas de Poliuretano | Placa Espuma Poliisocianurato R\u00edgida | ISOCANALE","og_description":"Construir un canal con placas de poliisocianurato significa garantizar una optimizaci\u00f3n en los tiempos de elaboraci\u00f3n, gracias a la composici\u00f3n de las placas r\u00edgidas de poliisocianurato.","og_url":"https:\/\/www.isocanale.com\/es\/placas-de-poliuretano\/","og_site_name":"ISOCANALE","article_modified_time":"2022-08-07T08:13:29+00:00","twitter_card":"summary_large_image","twitter_misc":{"Tiempo de lectura":"4 minutos"},"schema":{"@context":"https:\/\/schema.org","@graph":[{"@type":"WebPage","@id":"https:\/\/www.isocanale.com\/es\/placas-de-poliuretano\/","url":"https:\/\/www.isocanale.com\/es\/placas-de-poliuretano\/","name":"Placas de Poliuretano | Placa Espuma Poliisocianurato R\u00edgida | ISOCANALE","isPartOf":{"@id":"https:\/\/www.isocanale.com\/#website"},"datePublished":"2019-10-24T16:16:55+00:00","dateModified":"2022-08-07T08:13:29+00:00","description":"Construir un canal con placas de poliisocianurato significa garantizar una optimizaci\u00f3n en los tiempos de elaboraci\u00f3n, gracias a la composici\u00f3n de las placas r\u00edgidas de poliisocianurato.","breadcrumb":{"@id":"https:\/\/www.isocanale.com\/es\/placas-de-poliuretano\/#breadcrumb"},"inLanguage":"es","potentialAction":[{"@type":"ReadAction","target":["https:\/\/www.isocanale.com\/es\/placas-de-poliuretano\/"]}]},{"@type":"BreadcrumbList","@id":"https:\/\/www.isocanale.com\/es\/placas-de-poliuretano\/#breadcrumb","itemListElement":[{"@type":"ListItem","position":1,"name":"Home","item":"https:\/\/www.isocanale.com\/es\/home\/"},{"@type":"ListItem","position":2,"name":"Placas Rigidas de Poliuretano"}]},{"@type":"WebSite","@id":"https:\/\/www.isocanale.com\/#website","url":"https:\/\/www.isocanale.com\/","name":"ISOCANALE","description":"Sistema di Canali Preisolati per il Trasporto dell&#039;Aria","publisher":{"@id":"https:\/\/www.isocanale.com\/#organization"},"potentialAction":[{"@type":"SearchAction","target":{"@type":"EntryPoint","urlTemplate":"https:\/\/www.isocanale.com\/?s={search_term_string}"},"query-input":{"@type":"PropertyValueSpecification","valueRequired":true,"valueName":"search_term_string"}}],"inLanguage":"es"},{"@type":"Organization","@id":"https:\/\/www.isocanale.com\/#organization","name":"Isocanale Stiferite","url":"https:\/\/www.isocanale.com\/","logo":{"@type":"ImageObject","inLanguage":"es","@id":"https:\/\/www.isocanale.com\/#\/schema\/logo\/image\/","url":"","contentUrl":"","caption":"Isocanale Stiferite"},"image":{"@id":"https:\/\/www.isocanale.com\/#\/schema\/logo\/image\/"}}]}},"_links":{"self":[{"href":"https:\/\/www.isocanale.com\/es\/wp-json\/wp\/v2\/pages\/840","targetHints":{"allow":["GET"]}}],"collection":[{"href":"https:\/\/www.isocanale.com\/es\/wp-json\/wp\/v2\/pages"}],"about":[{"href":"https:\/\/www.isocanale.com\/es\/wp-json\/wp\/v2\/types\/page"}],"author":[{"embeddable":true,"href":"https:\/\/www.isocanale.com\/es\/wp-json\/wp\/v2\/users\/1"}],"replies":[{"embeddable":true,"href":"https:\/\/www.isocanale.com\/es\/wp-json\/wp\/v2\/comments?post=840"}],"version-history":[{"count":0,"href":"https:\/\/www.isocanale.com\/es\/wp-json\/wp\/v2\/pages\/840\/revisions"}],"wp:attachment":[{"href":"https:\/\/www.isocanale.com\/es\/wp-json\/wp\/v2\/media?parent=840"}],"curies":[{"name":"wp","href":"https:\/\/api.w.org\/{rel}","templated":true}]}}