{"id":836,"date":"2019-10-24T16:12:45","date_gmt":"2019-10-24T16:12:45","guid":{"rendered":"http:\/\/www.isocanale.com\/pannelli-di-poliuretano\/lamine-in-poliuretano\/"},"modified":"2022-08-07T08:12:27","modified_gmt":"2022-08-07T08:12:27","slug":"laminas-de-poliuretano","status":"publish","type":"page","link":"https:\/\/www.isocanale.com\/es\/laminas-de-poliuretano\/","title":{"rendered":"Laminas de Poliuretano"},"content":{"rendered":"<div id='av_section_1'  class='avia-section av-k21khcpf-05f049b8bb778e450892c2d68a9afa0f alternate_color avia-section-small avia-no-border-styling  avia-builder-el-0  el_before_av_section  avia-builder-el-first  avia-bg-style-scroll container_wrap sidebar_right'  ><div class='container av-section-cont-open' ><main  role=\"main\" itemprop=\"mainContentOfPage\"  class='template-page content  av-content-small alpha units'><div class='post-entry post-entry-type-page post-entry-836'><div class='entry-content-wrapper clearfix'>\n\n<style type=\"text\/css\" data-created_by=\"avia_inline_auto\" id=\"style-css-av-z4x0-2c2cc853bc12f40123f3ab5c4a047c53\">\n.flex_column.av-z4x0-2c2cc853bc12f40123f3ab5c4a047c53{\n-webkit-border-radius:0px 0px 0px 0px;\n-moz-border-radius:0px 0px 0px 0px;\nborder-radius:0px 0px 0px 0px;\npadding:0px 0px 0px 0px;\n}\n<\/style>\n<div class='flex_column av-z4x0-2c2cc853bc12f40123f3ab5c4a047c53 av_one_full  avia-builder-el-1  el_before_av_hr  avia-builder-el-first  first flex_column_div av-zero-column-padding '     ><section  class='av_textblock_section av-k21kl3o2-12dabc16f94934f60ea2a35c2b6fc178'  itemscope=\"itemscope\" itemtype=\"https:\/\/schema.org\/CreativeWork\" ><div class='avia_textblock'  itemprop=\"text\" ><h1>L\u00e1minas de poliuretano<\/h1>\n<p><strong>La empresa Stiferite S.p.A<\/strong>. es uno de los <strong>principales productores de l\u00e1minas r\u00edgidas de <a title=\"Paneles de poliuretano\" href=\"https:\/\/www.isocanale.com\/es\/paneles-de-poliuretano\/\">poliuretano<\/a><\/strong> (PIR).<\/p>\n<p>Nuestros productos permiten obtener un<strong> \u00f3ptimo aislamiento t\u00e9rmico<\/strong>, lo cual se transforma en <strong>ahorro energ\u00e9tico y menores costos<\/strong>. La calidad de las l\u00e1minas garantiza larga vida a trav\u00e9s del tiempo, junto al <a title=\"sistema de ventilaci\u00f3n y transporte del aire\" href=\"https:\/\/www.isocanale.com\/es\/sistema-de-ventilacion\/\">sistema de ventilaci\u00f3n y transporte del aire<\/a>.<\/p>\n<\/div><\/section><br \/>\n<div  class='avia-button-wrap av-k1htvd4u-070f8afdb9db458913006e0ad06e5a01-wrap avia-button-left  avia-builder-el-3  el_after_av_textblock  avia-builder-el-last  bottone-standard pulsante-sfondo-blue'>\n<style type=\"text\/css\" data-created_by=\"avia_inline_auto\" id=\"style-css-av-k1htvd4u-070f8afdb9db458913006e0ad06e5a01\">\n#top #wrap_all .avia-button.av-k1htvd4u-070f8afdb9db458913006e0ad06e5a01{\nbackground-color:#e4ff00;\nborder-color:#e4ff00;\ncolor:#002539;\n-webkit-transition:all 0.4s ease-in-out;\n-moz-transition:all 0.4s ease-in-out;\n-ms-transition:all 0.4s ease-in-out;\n-o-transition:all 0.4s ease-in-out;\ntransition:all 0.4s ease-in-out;\n}\n<\/style>\n<a href='https:\/\/www.isocanale.com\/es\/contactos\/'  class='avia-button av-k1htvd4u-070f8afdb9db458913006e0ad06e5a01 avia-icon_select-yes-right-icon avia-size-medium avia-position-left'  ><span class='avia_iconbox_title' >CONT\u00c1CTENOS<\/span><span class='avia_button_icon avia_button_icon_right' aria-hidden='true' data-av_icon='\uf101' data-av_iconfont='fontello'><\/span><\/a><\/div><\/p><\/div>\n<style type=\"text\/css\" data-created_by=\"avia_inline_auto\" id=\"style-css-av-k21l6ban-5f2776a8558b1c11c023a854a34c107c\">\n#top .hr.hr-invisible.av-k21l6ban-5f2776a8558b1c11c023a854a34c107c{\nheight:20px;\n}\n<\/style>\n<div  class='hr av-k21l6ban-5f2776a8558b1c11c023a854a34c107c hr-invisible  avia-builder-el-4  el_after_av_one_full  avia-builder-el-last '><span class='hr-inner '><span class=\"hr-inner-style\"><\/span><\/span><\/div>\n\n<\/div><\/div><\/main><!-- close content main element --><\/div><\/div><div id='av_section_2'  class='avia-section av-3s8ew-eca96ff114c055d4199385d516b94f2c main_color avia-section-default avia-no-border-styling  avia-builder-el-5  el_after_av_section  avia-builder-el-last  avia-bg-style-scroll container_wrap sidebar_right'  ><div class='container av-section-cont-open' ><div class='template-page content  av-content-small alpha units'><div class='post-entry post-entry-type-page post-entry-836'><div class='entry-content-wrapper clearfix'>\n<div class='flex_column_table av-k24tfk9p-c46c0b1beba14a8ab7b61ee327af5224 sc-av_one_half av-break-at-tablet-flextable av-equal-height-column-flextable'>\n<style type=\"text\/css\" data-created_by=\"avia_inline_auto\" id=\"style-css-av-k24tfk9p-c46c0b1beba14a8ab7b61ee327af5224\">\n#top .flex_column_table.av-equal-height-column-flextable.av-k24tfk9p-c46c0b1beba14a8ab7b61ee327af5224{\nmargin-top:0px;\nmargin-bottom:10px;\n}\n.flex_column.av-k24tfk9p-c46c0b1beba14a8ab7b61ee327af5224{\n-webkit-border-radius:0px 0px 0px 0px;\n-moz-border-radius:0px 0px 0px 0px;\nborder-radius:0px 0px 0px 0px;\npadding:0px 0px 0px 0px;\n}\n<\/style>\n<div class='flex_column av-k24tfk9p-c46c0b1beba14a8ab7b61ee327af5224 av_one_half  avia-builder-el-6  el_before_av_one_half  avia-builder-el-first  first av-break-at-tablet flex_column_table_cell av-equal-height-column av-align-middle av-zero-column-padding '     ><style type=\"text\/css\" data-created_by=\"avia_inline_auto\" id=\"style-css-av-k24tbi1o-989c067d3ec0d8a765039af0e2f471f7\">\n.avia-image-container.av-k24tbi1o-989c067d3ec0d8a765039af0e2f471f7 img.avia_image{\nbox-shadow:none;\n}\n.avia-image-container.av-k24tbi1o-989c067d3ec0d8a765039af0e2f471f7 .av-image-caption-overlay-center{\ncolor:#ffffff;\n}\n<\/style>\n<div  class='avia-image-container av-k24tbi1o-989c067d3ec0d8a765039af0e2f471f7 av-styling- avia-align-center  avia-builder-el-7  avia-builder-el-no-sibling '   itemprop=\"image\" itemscope=\"itemscope\" itemtype=\"https:\/\/schema.org\/ImageObject\" ><div class=\"avia-image-container-inner\"><div class=\"avia-image-overlay-wrap\"><img decoding=\"async\" class='wp-image-748 avia-img-lazy-loading-not-748 avia_image ' src=\"https:\/\/www.isocanale.com\/wp-content\/uploads\/2019\/11\/lamine-poliuretano-isocanale.jpg\" alt='laminas de poliuretano' title='laminas de poliuretano'  height=\"533\" width=\"800\"  itemprop=\"thumbnailUrl\" srcset=\"https:\/\/www.isocanale.com\/wp-content\/uploads\/2019\/11\/lamine-poliuretano-isocanale.jpg 800w, https:\/\/www.isocanale.com\/wp-content\/uploads\/2019\/11\/lamine-poliuretano-isocanale-300x200.jpg 300w, https:\/\/www.isocanale.com\/wp-content\/uploads\/2019\/11\/lamine-poliuretano-isocanale-768x512.jpg 768w, https:\/\/www.isocanale.com\/wp-content\/uploads\/2019\/11\/lamine-poliuretano-isocanale-705x470.jpg 705w\" sizes=\"(max-width: 800px) 100vw, 800px\" \/><\/div><\/div><\/div><\/div><div class='av-flex-placeholder'><\/div>\n<style type=\"text\/css\" data-created_by=\"avia_inline_auto\" id=\"style-css-av-37xmk-ae2807c14978ef0ec98c08d910590e77\">\n#top .flex_column_table.av-equal-height-column-flextable.av-37xmk-ae2807c14978ef0ec98c08d910590e77{\nmargin-top:0px;\nmargin-bottom:0px;\n}\n.flex_column.av-37xmk-ae2807c14978ef0ec98c08d910590e77{\n-webkit-border-radius:0px 0px 0px 0px;\n-moz-border-radius:0px 0px 0px 0px;\nborder-radius:0px 0px 0px 0px;\npadding:0px 0px 0px 0px;\n}\n<\/style>\n<div class='flex_column av-37xmk-ae2807c14978ef0ec98c08d910590e77 av_one_half  avia-builder-el-8  el_after_av_one_half  el_before_av_one_half  av-break-at-tablet flex_column_table_cell av-equal-height-column av-align-middle av-zero-column-padding '     ><section  class='av_textblock_section av-k24tfe2m-d9c35ab531a26eac9d10bb264d6cf017'  itemscope=\"itemscope\" itemtype=\"https:\/\/schema.org\/CreativeWork\" ><div class='avia_textblock'  itemprop=\"text\" ><h2>Ventajas de utilizar l\u00e1minas de poliuretano<\/h2>\n<p>Algunas<strong> ventajas<\/strong> <strong>de utilizar l\u00e1minas de poliuretano<\/strong> son: alta eficiencia t\u00e9rmica, resistencia a la presi\u00f3n del aire y a la humedad, capacidad de soportar eventuales compresiones, facilidad de instalaci\u00f3n, el peso liviano de los <a href=\"https:\/\/www.isocanale.com\/es\/tipos-de-canales\/\">canales<\/a>, la durabilidad de los materiales y la posibilidad de obtener un sistema de transporte del aire seguro y aislado.<\/p>\n<\/div><\/section><\/div><\/div><!--close column table wrapper. Autoclose: 1 --><div class='flex_column_table av-2g1ow-47e755053900a3e46c0b3e2f516a5884 sc-av_one_half av-break-at-tablet-flextable av-equal-height-column-flextable'>\n<style type=\"text\/css\" data-created_by=\"avia_inline_auto\" id=\"style-css-av-2g1ow-47e755053900a3e46c0b3e2f516a5884\">\n#top .flex_column_table.av-equal-height-column-flextable.av-2g1ow-47e755053900a3e46c0b3e2f516a5884{\nmargin-top:0;\nmargin-bottom:0;\n}\n.flex_column.av-2g1ow-47e755053900a3e46c0b3e2f516a5884{\n-webkit-border-radius:0px 0px 0px 0px;\n-moz-border-radius:0px 0px 0px 0px;\nborder-radius:0px 0px 0px 0px;\npadding:0px 0px 0px 0px;\n}\n<\/style>\n<div class='flex_column av-2g1ow-47e755053900a3e46c0b3e2f516a5884 av_one_half  avia-builder-el-10  el_after_av_one_half  el_before_av_one_half  first av-break-at-tablet flex_column_table_cell av-equal-height-column av-align-middle av-zero-column-padding column-top-margin'     ><section  class='av_textblock_section av-1xzug-3316b17e94ce14f88fa95fac25404c49'  itemscope=\"itemscope\" itemtype=\"https:\/\/schema.org\/CreativeWork\" ><div class='avia_textblock'  itemprop=\"text\" ><p><script type=\"application\/ld+json\">\n{\n  \"@context\": \"https:\/\/schema.org\",\n  \"@type\": \"FAQPage\",\n  \"mainEntity\": {\n    \"@type\": \"Question\",\n    \"name\": \"\u00bfCu\u00e1les son las condiciones que se deben considerar para la selecci\u00f3n del mejor sistema de transporte del aire?\",\n    \"acceptedAnswer\": {\n      \"@type\": \"Answer\",\n      \"text\": \"El Sistema ISOCANALE compuesto por l\u00e1minas de poliuretano, adem\u00e1s de tener altas prestaciones t\u00e9cnicas, presenta numerosas ventajas en la construcci\u00f3n, primero ante otros la f\u00e1cil instalaci\u00f3n en la obra, que permite la aplicaci\u00f3n a grandes alturas.<\/p>\n<p>El poco peso de las l\u00e1minas de poliuretano y los accesorios relacionados, permite, de hecho, un anclaje seguro y duradero en el tiempo.<\/p>\n<p>La selecci\u00f3n de los materiales en la elaboraci\u00f3n de un sistema de transporte del aire, debe ser dirigida hacia las soluciones que, por peso, faciliten el transporte y la manipulaci\u00f3n en la obra, y que garanticen la m\u00e1xima simplificaci\u00f3n de todas las operaciones.\"\n    }\n  }\n}\n<\/script><\/p>\n<h2>\u00bfCu\u00e1les son las condiciones que se deben considerar para la selecci\u00f3n del mejor sistema de transporte del aire?<\/h2>\n<p>El Sistema ISOCANALE compuesto por<strong> l\u00e1minas de poliuretano<\/strong>, adem\u00e1s de tener altas prestaciones t\u00e9cnicas, presenta numerosas <strong>ventajas en la construcci\u00f3n<\/strong>, primero ante otros la <strong>f\u00e1cil instalaci\u00f3n en la obra<\/strong>, que permite la <strong>aplicaci\u00f3n a grandes alturas<\/strong>.<\/p>\n<p>El poco peso de las <strong>l\u00e1minas de poliuretano<\/strong> y los accesorios relacionados, permite, de hecho, un <strong>anclaje seguro y duradero en el tiempo<\/strong>.<\/p>\n<p>La selecci\u00f3n de los materiales en la elaboraci\u00f3n de un sistema de transporte del aire, debe ser dirigida hacia las soluciones que, por peso, faciliten el transporte y la manipulaci\u00f3n en la obra, y que garanticen la m\u00e1xima simplificaci\u00f3n de todas las operaciones.<\/p>\n<\/div><\/section><\/div><div class='av-flex-placeholder'><\/div>\n<style type=\"text\/css\" data-created_by=\"avia_inline_auto\" id=\"style-css-av-1g364-6e7d90f595f1be9356362c58b57d7c58\">\n#top .flex_column_table.av-equal-height-column-flextable.av-1g364-6e7d90f595f1be9356362c58b57d7c58{\nmargin-top:0px;\nmargin-bottom:0px;\n}\n.flex_column.av-1g364-6e7d90f595f1be9356362c58b57d7c58{\n-webkit-border-radius:0px 0px 0px 0px;\n-moz-border-radius:0px 0px 0px 0px;\nborder-radius:0px 0px 0px 0px;\npadding:0px 0px 0px 0px;\n}\n<\/style>\n<div class='flex_column av-1g364-6e7d90f595f1be9356362c58b57d7c58 av_one_half  avia-builder-el-12  el_after_av_one_half  avia-builder-el-last  av-break-at-tablet flex_column_table_cell av-equal-height-column av-align-middle av-zero-column-padding column-top-margin'     ><style type=\"text\/css\" data-created_by=\"avia_inline_auto\" id=\"style-css-av-10l58-b8da72503927afabe2dd7d0f591c64be\">\n.avia-image-container.av-10l58-b8da72503927afabe2dd7d0f591c64be img.avia_image{\nbox-shadow:none;\n}\n.avia-image-container.av-10l58-b8da72503927afabe2dd7d0f591c64be .av-image-caption-overlay-center{\ncolor:#ffffff;\n}\n<\/style>\n<div  class='avia-image-container av-10l58-b8da72503927afabe2dd7d0f591c64be av-styling- avia-align-center  avia-builder-el-13  avia-builder-el-no-sibling '   itemprop=\"image\" itemscope=\"itemscope\" itemtype=\"https:\/\/schema.org\/ImageObject\" ><div class=\"avia-image-container-inner\"><div class=\"avia-image-overlay-wrap\"><img decoding=\"async\" class='wp-image-752 avia-img-lazy-loading-not-752 avia_image ' src=\"https:\/\/www.isocanale.com\/wp-content\/uploads\/2019\/11\/isocanale-lamine-poliuretano.jpg\" alt='panel de lamina y poliuretano' title='panel de lamina y poliuretano'  height=\"533\" width=\"800\"  itemprop=\"thumbnailUrl\" srcset=\"https:\/\/www.isocanale.com\/wp-content\/uploads\/2019\/11\/isocanale-lamine-poliuretano.jpg 800w, https:\/\/www.isocanale.com\/wp-content\/uploads\/2019\/11\/isocanale-lamine-poliuretano-300x200.jpg 300w, https:\/\/www.isocanale.com\/wp-content\/uploads\/2019\/11\/isocanale-lamine-poliuretano-768x512.jpg 768w, https:\/\/www.isocanale.com\/wp-content\/uploads\/2019\/11\/isocanale-lamine-poliuretano-705x470.jpg 705w\" sizes=\"(max-width: 800px) 100vw, 800px\" \/><\/div><\/div><\/div><\/div><\/div><!--close column table wrapper. Autoclose: 1 --><\/div><\/div><\/div><!-- close content main div --><\/div><\/div><div id='after_section_2'  class='main_color av_default_container_wrap container_wrap sidebar_right'  ><div class='container av-section-cont-open' ><div class='template-page content  av-content-small alpha units'><div class='post-entry post-entry-type-page post-entry-836'><div class='entry-content-wrapper clearfix'>\n","protected":false},"excerpt":{"rendered":"","protected":false},"author":1,"featured_media":0,"parent":0,"menu_order":0,"comment_status":"closed","ping_status":"closed","template":"","meta":{"footnotes":""},"class_list":["post-836","page","type-page","status-publish","hentry"],"yoast_head":"<!-- This site is optimized with the Yoast SEO plugin v25.5 - https:\/\/yoast.com\/wordpress\/plugins\/seo\/ -->\n<title>Laminas de Poliuretano PIR | Aislamiento Canales de Aire | ISOCANALE<\/title>\n<meta name=\"description\" content=\"Stiferite S.p.A. es uno de los principales productores de l\u00e1minas r\u00edgidas de poliuretano (PIR). Nuestros productos permiten obtener un \u00f3ptimo aislamiento t\u00e9rmico, ahorro energ\u00e9tico y menores costos.\" \/>\n<meta name=\"robots\" content=\"index, follow, max-snippet:-1, max-image-preview:large, max-video-preview:-1\" \/>\n<link rel=\"canonical\" href=\"https:\/\/www.isocanale.com\/es\/laminas-de-poliuretano\/\" \/>\n<meta property=\"og:locale\" content=\"es_ES\" \/>\n<meta property=\"og:type\" content=\"article\" \/>\n<meta property=\"og:title\" content=\"Laminas de Poliuretano PIR | Aislamiento Canales de Aire | ISOCANALE\" \/>\n<meta property=\"og:description\" content=\"Stiferite S.p.A. es uno de los principales productores de l\u00e1minas r\u00edgidas de poliuretano (PIR). Nuestros productos permiten obtener un \u00f3ptimo aislamiento t\u00e9rmico, ahorro energ\u00e9tico y menores costos.\" \/>\n<meta property=\"og:url\" content=\"https:\/\/www.isocanale.com\/es\/laminas-de-poliuretano\/\" \/>\n<meta property=\"og:site_name\" content=\"ISOCANALE\" \/>\n<meta property=\"article:modified_time\" content=\"2022-08-07T08:12:27+00:00\" \/>\n<meta name=\"twitter:card\" content=\"summary_large_image\" \/>\n<meta name=\"twitter:label1\" content=\"Tiempo de lectura\" \/>\n\t<meta name=\"twitter:data1\" content=\"5 minutos\" \/>\n<script type=\"application\/ld+json\" class=\"yoast-schema-graph\">{\"@context\":\"https:\/\/schema.org\",\"@graph\":[{\"@type\":\"WebPage\",\"@id\":\"https:\/\/www.isocanale.com\/es\/laminas-de-poliuretano\/\",\"url\":\"https:\/\/www.isocanale.com\/es\/laminas-de-poliuretano\/\",\"name\":\"Laminas de Poliuretano PIR | Aislamiento Canales de Aire | ISOCANALE\",\"isPartOf\":{\"@id\":\"https:\/\/www.isocanale.com\/#website\"},\"datePublished\":\"2019-10-24T16:12:45+00:00\",\"dateModified\":\"2022-08-07T08:12:27+00:00\",\"description\":\"Stiferite S.p.A. es uno de los principales productores de l\u00e1minas r\u00edgidas de poliuretano (PIR). Nuestros productos permiten obtener un \u00f3ptimo aislamiento t\u00e9rmico, ahorro energ\u00e9tico y menores costos.\",\"breadcrumb\":{\"@id\":\"https:\/\/www.isocanale.com\/es\/laminas-de-poliuretano\/#breadcrumb\"},\"inLanguage\":\"es\",\"potentialAction\":[{\"@type\":\"ReadAction\",\"target\":[\"https:\/\/www.isocanale.com\/es\/laminas-de-poliuretano\/\"]}]},{\"@type\":\"BreadcrumbList\",\"@id\":\"https:\/\/www.isocanale.com\/es\/laminas-de-poliuretano\/#breadcrumb\",\"itemListElement\":[{\"@type\":\"ListItem\",\"position\":1,\"name\":\"Home\",\"item\":\"https:\/\/www.isocanale.com\/es\/home\/\"},{\"@type\":\"ListItem\",\"position\":2,\"name\":\"Laminas de Poliuretano\"}]},{\"@type\":\"WebSite\",\"@id\":\"https:\/\/www.isocanale.com\/#website\",\"url\":\"https:\/\/www.isocanale.com\/\",\"name\":\"ISOCANALE\",\"description\":\"Sistema di Canali Preisolati per il Trasporto dell&#039;Aria\",\"publisher\":{\"@id\":\"https:\/\/www.isocanale.com\/#organization\"},\"potentialAction\":[{\"@type\":\"SearchAction\",\"target\":{\"@type\":\"EntryPoint\",\"urlTemplate\":\"https:\/\/www.isocanale.com\/?s={search_term_string}\"},\"query-input\":{\"@type\":\"PropertyValueSpecification\",\"valueRequired\":true,\"valueName\":\"search_term_string\"}}],\"inLanguage\":\"es\"},{\"@type\":\"Organization\",\"@id\":\"https:\/\/www.isocanale.com\/#organization\",\"name\":\"Isocanale Stiferite\",\"url\":\"https:\/\/www.isocanale.com\/\",\"logo\":{\"@type\":\"ImageObject\",\"inLanguage\":\"es\",\"@id\":\"https:\/\/www.isocanale.com\/#\/schema\/logo\/image\/\",\"url\":\"\",\"contentUrl\":\"\",\"caption\":\"Isocanale Stiferite\"},\"image\":{\"@id\":\"https:\/\/www.isocanale.com\/#\/schema\/logo\/image\/\"}}]}<\/script>\n<!-- \/ Yoast SEO plugin. -->","yoast_head_json":{"title":"Laminas de Poliuretano PIR | Aislamiento Canales de Aire | ISOCANALE","description":"Stiferite S.p.A. es uno de los principales productores de l\u00e1minas r\u00edgidas de poliuretano (PIR). Nuestros productos permiten obtener un \u00f3ptimo aislamiento t\u00e9rmico, ahorro energ\u00e9tico y menores costos.","robots":{"index":"index","follow":"follow","max-snippet":"max-snippet:-1","max-image-preview":"max-image-preview:large","max-video-preview":"max-video-preview:-1"},"canonical":"https:\/\/www.isocanale.com\/es\/laminas-de-poliuretano\/","og_locale":"es_ES","og_type":"article","og_title":"Laminas de Poliuretano PIR | Aislamiento Canales de Aire | ISOCANALE","og_description":"Stiferite S.p.A. es uno de los principales productores de l\u00e1minas r\u00edgidas de poliuretano (PIR). Nuestros productos permiten obtener un \u00f3ptimo aislamiento t\u00e9rmico, ahorro energ\u00e9tico y menores costos.","og_url":"https:\/\/www.isocanale.com\/es\/laminas-de-poliuretano\/","og_site_name":"ISOCANALE","article_modified_time":"2022-08-07T08:12:27+00:00","twitter_card":"summary_large_image","twitter_misc":{"Tiempo de lectura":"5 minutos"},"schema":{"@context":"https:\/\/schema.org","@graph":[{"@type":"WebPage","@id":"https:\/\/www.isocanale.com\/es\/laminas-de-poliuretano\/","url":"https:\/\/www.isocanale.com\/es\/laminas-de-poliuretano\/","name":"Laminas de Poliuretano PIR | Aislamiento Canales de Aire | ISOCANALE","isPartOf":{"@id":"https:\/\/www.isocanale.com\/#website"},"datePublished":"2019-10-24T16:12:45+00:00","dateModified":"2022-08-07T08:12:27+00:00","description":"Stiferite S.p.A. es uno de los principales productores de l\u00e1minas r\u00edgidas de poliuretano (PIR). Nuestros productos permiten obtener un \u00f3ptimo aislamiento t\u00e9rmico, ahorro energ\u00e9tico y menores costos.","breadcrumb":{"@id":"https:\/\/www.isocanale.com\/es\/laminas-de-poliuretano\/#breadcrumb"},"inLanguage":"es","potentialAction":[{"@type":"ReadAction","target":["https:\/\/www.isocanale.com\/es\/laminas-de-poliuretano\/"]}]},{"@type":"BreadcrumbList","@id":"https:\/\/www.isocanale.com\/es\/laminas-de-poliuretano\/#breadcrumb","itemListElement":[{"@type":"ListItem","position":1,"name":"Home","item":"https:\/\/www.isocanale.com\/es\/home\/"},{"@type":"ListItem","position":2,"name":"Laminas de Poliuretano"}]},{"@type":"WebSite","@id":"https:\/\/www.isocanale.com\/#website","url":"https:\/\/www.isocanale.com\/","name":"ISOCANALE","description":"Sistema di Canali Preisolati per il Trasporto dell&#039;Aria","publisher":{"@id":"https:\/\/www.isocanale.com\/#organization"},"potentialAction":[{"@type":"SearchAction","target":{"@type":"EntryPoint","urlTemplate":"https:\/\/www.isocanale.com\/?s={search_term_string}"},"query-input":{"@type":"PropertyValueSpecification","valueRequired":true,"valueName":"search_term_string"}}],"inLanguage":"es"},{"@type":"Organization","@id":"https:\/\/www.isocanale.com\/#organization","name":"Isocanale Stiferite","url":"https:\/\/www.isocanale.com\/","logo":{"@type":"ImageObject","inLanguage":"es","@id":"https:\/\/www.isocanale.com\/#\/schema\/logo\/image\/","url":"","contentUrl":"","caption":"Isocanale Stiferite"},"image":{"@id":"https:\/\/www.isocanale.com\/#\/schema\/logo\/image\/"}}]}},"_links":{"self":[{"href":"https:\/\/www.isocanale.com\/es\/wp-json\/wp\/v2\/pages\/836","targetHints":{"allow":["GET"]}}],"collection":[{"href":"https:\/\/www.isocanale.com\/es\/wp-json\/wp\/v2\/pages"}],"about":[{"href":"https:\/\/www.isocanale.com\/es\/wp-json\/wp\/v2\/types\/page"}],"author":[{"embeddable":true,"href":"https:\/\/www.isocanale.com\/es\/wp-json\/wp\/v2\/users\/1"}],"replies":[{"embeddable":true,"href":"https:\/\/www.isocanale.com\/es\/wp-json\/wp\/v2\/comments?post=836"}],"version-history":[{"count":0,"href":"https:\/\/www.isocanale.com\/es\/wp-json\/wp\/v2\/pages\/836\/revisions"}],"wp:attachment":[{"href":"https:\/\/www.isocanale.com\/es\/wp-json\/wp\/v2\/media?parent=836"}],"curies":[{"name":"wp","href":"https:\/\/api.w.org\/{rel}","templated":true}]}}