{"id":824,"date":"2019-09-24T09:52:20","date_gmt":"2019-09-24T09:52:20","guid":{"rendered":"http:\/\/www.isocanale.com\/faq\/"},"modified":"2022-08-05T10:49:18","modified_gmt":"2022-08-05T10:49:18","slug":"faq","status":"publish","type":"page","link":"https:\/\/www.isocanale.com\/es\/faq\/","title":{"rendered":"FAQ"},"content":{"rendered":"<div id='av_section_1'  class='avia-section av-k21khcpf-d9c66489722171cad1b66f77cf9bd401 alternate_color avia-section-no-padding avia-no-border-styling  avia-builder-el-0  el_before_av_section  avia-builder-el-first  avia-bg-style-scroll container_wrap sidebar_right'  ><div class='container av-section-cont-open' ><main  role=\"main\" itemprop=\"mainContentOfPage\"  class='template-page content  av-content-small alpha units'><div class='post-entry post-entry-type-page post-entry-824'><div class='entry-content-wrapper clearfix'>\n\n\n<style type=\"text\/css\" data-created_by=\"avia_inline_auto\" id=\"style-css-av-z4x0-2c2cc853bc12f40123f3ab5c4a047c53\">\n.flex_column.av-z4x0-2c2cc853bc12f40123f3ab5c4a047c53{\n-webkit-border-radius:0px 0px 0px 0px;\n-moz-border-radius:0px 0px 0px 0px;\nborder-radius:0px 0px 0px 0px;\npadding:0px 0px 0px 0px;\n}\n<\/style>\n<div class='flex_column av-z4x0-2c2cc853bc12f40123f3ab5c4a047c53 av_one_full  avia-builder-el-2  el_after_av_codeblock  el_before_av_hr  first flex_column_div av-zero-column-padding '     ><section  class='av_textblock_section av-k21kl3o2-a1592799981b331f75255dbf19532da9'  itemscope=\"itemscope\" itemtype=\"https:\/\/schema.org\/CreativeWork\" ><div class='avia_textblock'  itemprop=\"text\" ><p><span class=\"titolo-noseo-big\">Preguntas Frecuentes<\/span><br \/>\nEn esta p\u00e1gina podr\u00e1 encontrar las respuestas a muchas preguntas frecuentes sobre el poliuretano, los aislamientos t\u00e9rmicos y sobre el Sistema Isocanale.<\/p>\n<p>Si no encuentra la respuesta a su pregunta,\u00a0<a href=\"https:\/\/www.isocanale.com\/es\/contactos\/\">\u00a1escr\u00edbanos!<\/a><\/p>\n<\/div><\/section><\/div>\n<style type=\"text\/css\" data-created_by=\"avia_inline_auto\" id=\"style-css-av-k21l6ban-9c1e44cd75bc9f34124702ddb3c350a3\">\n#top .hr.hr-invisible.av-k21l6ban-9c1e44cd75bc9f34124702ddb3c350a3{\nheight:40px;\n}\n<\/style>\n<div  class='hr av-k21l6ban-9c1e44cd75bc9f34124702ddb3c350a3 hr-invisible  avia-builder-el-4  el_after_av_one_full  avia-builder-el-last '><span class='hr-inner '><span class=\"hr-inner-style\"><\/span><\/span><\/div>\n<\/div><\/div><\/main><!-- close content main element --><\/div><\/div><div id='av_section_2'  class='avia-section av-1brbq-b039dc843e3945a798ff9c3f71920ea8 main_color avia-section-default avia-no-border-styling  avia-builder-el-5  el_after_av_section  avia-builder-el-last  avia-bg-style-scroll container_wrap sidebar_right'  ><div class='container av-section-cont-open' ><div class='template-page content  av-content-small alpha units'><div class='post-entry post-entry-type-page post-entry-824'><div class='entry-content-wrapper clearfix'>\n\n<style type=\"text\/css\" data-created_by=\"avia_inline_auto\" id=\"style-css-av-s1g6-2bae9fd3493d184975a80655dabff9d7\">\n.flex_column.av-s1g6-2bae9fd3493d184975a80655dabff9d7{\n-webkit-border-radius:0px 0px 0px 0px;\n-moz-border-radius:0px 0px 0px 0px;\nborder-radius:0px 0px 0px 0px;\npadding:0px 0px 0px 0px;\n}\n<\/style>\n<div class='flex_column av-s1g6-2bae9fd3493d184975a80655dabff9d7 av_one_full  avia-builder-el-6  avia-builder-el-no-sibling  first flex_column_div av-zero-column-padding '     ><style type=\"text\/css\" data-created_by=\"avia_inline_auto\" id=\"style-css-av-k21xj782-6f27685f357f8f096c78919bdd280f59\">\n#top .togglecontainer.av-k21xj782-6f27685f357f8f096c78919bdd280f59 p.toggler{\ncolor:#ffffff;\nbackground-color:#002539;\nborder-color:#e4ff00;\n}\n#top .togglecontainer.av-k21xj782-6f27685f357f8f096c78919bdd280f59 p.toggler.activeTitle{\ncolor:#002539;\nborder-color:#002539;\nbackground-color:#e4ff00;\n}\n#top .togglecontainer.av-k21xj782-6f27685f357f8f096c78919bdd280f59 p.toggler:not(.activeTitle):hover{\ncolor:#002539;\nbackground-color:#e4ff00;\n}\n#top .togglecontainer.av-k21xj782-6f27685f357f8f096c78919bdd280f59 p.toggler:not(.activeTitle):hover .toggle_icon, #top .togglecontainer.av-k21xj782-6f27685f357f8f096c78919bdd280f59 p.toggler:not(.activeTitle):hover .toggle_icon *{\nborder-color:#002539 !important;\n}\n#top .togglecontainer.av-k21xj782-6f27685f357f8f096c78919bdd280f59 p.toggler .toggle_icon{\ncolor:#ffffff;\nborder-color:#ffffff;\n}\n#top .togglecontainer.av-k21xj782-6f27685f357f8f096c78919bdd280f59 .toggle_wrap .toggle_content{\ncolor:#ffffff;\nbackground-color:#002539;\nborder-color:#e4ff00;\n}\n<\/style>\n<div  class='togglecontainer av-k21xj782-6f27685f357f8f096c78919bdd280f59 av-elegant-toggle  avia-builder-el-7  avia-builder-el-no-sibling  accordion-prodotti acc-faq toggle_close_all hasCurrentStyle' >\n<section class='av_toggle_section av-av_toggle-686acec726d8466b35cb1335a53096f8'  itemscope=\"itemscope\" itemtype=\"https:\/\/schema.org\/CreativeWork\" ><div role=\"tablist\" class=\"single_toggle\" data-tags=\"{Todo} \"  ><p data-fake-id='#toggle-id-1' class='toggler  activeTitle av-inherit-font-color hasCustomColor av-inherit-border-color'  itemprop=\"headline\"  role='tab' tabindex='0' aria-controls='toggle-id-1'>\u00bfCu\u00e1l es la funci\u00f3n de los aislantes t\u00e9rmicos?<span class=\"toggle_icon\"><span class=\"vert_icon\"><\/span><span class=\"hor_icon\"><\/span><\/span><\/p><div id='toggle-id-1' class='toggle_wrap  active_tc' style='display:block;' ><div class='toggle_content invers-color av-inherit-font-color hasCustomColor av-inherit-border-color'  itemprop=\"text\" ><p>Los <strong>aislantes t\u00e9rmicos<\/strong> tienen la funci\u00f3n principal de <strong>limitar los intercambios de temperatura<\/strong> entre un ambiente interno y un ambiente externo o entre ambientes con diferentes temperaturas.<br \/>\nEn general, se consideran <strong>materiales aislantes<\/strong> aquellos que tienen un valor de conductividad t\u00e9rmica inferior a 0,065 W\/mK.<\/p>\n<div class=\"contenitore-100\">\n<div class=\"box-50\"><\/div>\n<\/div>\n<\/div><\/div><\/div><\/section>\n<section class='av_toggle_section av-av_toggle-1d9f2081eef712c532a1e908a0755b44'  itemscope=\"itemscope\" itemtype=\"https:\/\/schema.org\/CreativeWork\" ><div role=\"tablist\" class=\"single_toggle\" data-tags=\"{Todo} \"  ><p data-fake-id='#toggle-id-2' class='toggler   av-inherit-font-color hasCustomColor av-inherit-border-color'  itemprop=\"headline\"  role='tab' tabindex='0' aria-controls='toggle-id-2'>\u00bfQu\u00e9 es la conductividad t\u00e9rmica o el coeficiente de conductividad t\u00e9rmica?<span class=\"toggle_icon\"><span class=\"vert_icon\"><\/span><span class=\"hor_icon\"><\/span><\/span><\/p><div id='toggle-id-2' class='toggle_wrap  '  ><div class='toggle_content invers-color av-inherit-font-color hasCustomColor av-inherit-border-color'  itemprop=\"text\" ><p>Se define el <strong>coeficiente de conductividad t\u00e9rmica<\/strong> como la capacidad de un material homog\u00e9neo e is\u00f3tropo de transmitir calor. A menudo se define con el s\u00edmbolo \u03bb (lambda) y se expresa en watt por metro y por Kelvin (W\/m K). Es la cantidad de calor que atraviesa un metro cuadrado de superficie del cuerpo, de un metro de espesor, en una hora de tiempo y por una diferencia de temperatura unitaria entre las caras opuestas del cuerpo.<\/p>\n<\/div><\/div><\/div><\/section>\n<section class='av_toggle_section av-av_toggle-7b4195ff14fd1eaa3247d6556d8185dc'  itemscope=\"itemscope\" itemtype=\"https:\/\/schema.org\/CreativeWork\" ><div role=\"tablist\" class=\"single_toggle\" data-tags=\"{Todo} \"  ><p data-fake-id='#toggle-id-3' class='toggler   av-inherit-font-color hasCustomColor av-inherit-border-color'  itemprop=\"headline\"  role='tab' tabindex='0' aria-controls='toggle-id-3'>\u00bfEs el poliuretano peligroso para la salud?<span class=\"toggle_icon\"><span class=\"vert_icon\"><\/span><span class=\"hor_icon\"><\/span><\/span><\/p><div id='toggle-id-3' class='toggle_wrap  '  ><div class='toggle_content invers-color av-inherit-font-color hasCustomColor av-inherit-border-color'  itemprop=\"text\" ><p>El <strong>poliuretano<\/strong> es un <strong>pol\u00edmero muy vers\u00e1til<\/strong> que permite obtener una grande gama de productos con propiedades y usos muy diferentes. Muchos objetos utilizados para nuestro bienestar cotidiano se realizan empleando los numerosos componentes de la familia de los poliuretanos.<\/p>\n<ul>\n<li>Espumas de poliuretano r\u00edgidas: aislantes t\u00e9rmicos para la construcci\u00f3n, la industria y el sector del acondicionamiento de ambientes<\/li>\n<li>Espumas de poliuretano flexibles: colchones, decoraciones, industria automovil\u00edstica<\/li>\n<li>Poliuretanos compactos y elast\u00f3meros: suelas de zapatos, art\u00edculos deportivos, textiles como el licra, pistas de atletismo<\/li>\n<li>Poliuretanos para pinturas y pegamentos: decoraci\u00f3n, industria automovil\u00edstica, construcci\u00f3n<\/li>\n<li>Poliuretanos especiales: aplicaciones m\u00e9dicas (v\u00e1lvulas card\u00edacas, pr\u00f3tesis, filtros para hemodi\u00e1lisis, guantes para cirug\u00edas, bolsas de sangre), entre otras aplicaciones<\/li>\n<\/ul>\n<p>En todas estas aplicaciones, los productos de poliuretano garantizan una compatibilidad perfecta con los criterios de salud y seguridad humana.<\/p>\n<\/div><\/div><\/div><\/section>\n<section class='av_toggle_section av-av_toggle-1b48f4d6f036f33fc55ed352c67516b5'  itemscope=\"itemscope\" itemtype=\"https:\/\/schema.org\/CreativeWork\" ><div role=\"tablist\" class=\"single_toggle\" data-tags=\"{Todo} \"  ><p data-fake-id='#toggle-id-4' class='toggler   av-inherit-font-color hasCustomColor av-inherit-border-color'  itemprop=\"headline\"  role='tab' tabindex='0' aria-controls='toggle-id-4'>\u00bfC\u00f3mo puede eliminarse el Poliuretano? \u00bfEl poliuretano es reciclable?<span class=\"toggle_icon\"><span class=\"vert_icon\"><\/span><span class=\"hor_icon\"><\/span><\/span><\/p><div id='toggle-id-4' class='toggle_wrap  '  ><div class='toggle_content invers-color av-inherit-font-color hasCustomColor av-inherit-border-color'  itemprop=\"text\" ><p><strong>Los poliuretanos pueden reciclarse<\/strong> de diferentes maneras: con la reutilizaci\u00f3n del material tal cual, con la recuperaci\u00f3n mec\u00e1nica, con el reciclaje qu\u00edmico, con la recuperaci\u00f3n energ\u00e9tica mediante producci\u00f3n de energ\u00eda utilizando los residuos. Estas opciones deben evaluarse en funci\u00f3n de las condiciones de uso de los materiales y de los impactos econ\u00f3micos y ambientales determinados por las operaciones de reciclaje.<br \/>\nActualmente la opci\u00f3n que genera el menor impacto ambiental parece ser la <strong>recuperaci\u00f3n de energ\u00eda<\/strong> utilizando los residuos lo m\u00e1s cerca posible de los lugares de producci\u00f3n o recogida de los residuos.<\/p>\n<\/div><\/div><\/div><\/section>\n<section class='av_toggle_section av-av_toggle-1835df351efecd280d7ef4e065c6b21f'  itemscope=\"itemscope\" itemtype=\"https:\/\/schema.org\/CreativeWork\" ><div role=\"tablist\" class=\"single_toggle\" data-tags=\"{Todo} \"  ><p data-fake-id='#toggle-id-5' class='toggler   av-inherit-font-color hasCustomColor av-inherit-border-color'  itemprop=\"headline\"  role='tab' tabindex='0' aria-controls='toggle-id-5'>\u00bfCu\u00e1nto cuesta una l\u00e1mina de poliuretano?<span class=\"toggle_icon\"><span class=\"vert_icon\"><\/span><span class=\"hor_icon\"><\/span><\/span><\/p><div id='toggle-id-5' class='toggle_wrap  '  ><div class='toggle_content invers-color av-inherit-font-color hasCustomColor av-inherit-border-color'  itemprop=\"text\" ><p><strong>El precio es calculado sobre el metro cuadrado de l\u00e1mina utilizado<\/strong>. Este precio comprende el costo de la espuma poliuret\u00e1nica y de los revestimientos en aluminio que componen la misma l\u00e1mina, de aqu\u00ed la denominaci\u00f3n \u00abs\u00e1ndwich\u00bb.<br \/>\nLas dimensiones, el espesor y las otras caracter\u00edsticas de la l\u00e1mina pueden variar para satisfacer la necesidad aplicativa de los ambiente de uso y por consiguiente tambi\u00e9n el precio es variable. Se aconseja solicitar una cotizaci\u00f3n a vuestro proveedor especificando vuestra necesidad.<\/p>\n<\/div><\/div><\/div><\/section>\n<\/div><\/div>\n<\/div><\/div><\/div><!-- close content main div --><\/div><\/div><div id='after_section_2'  class='main_color av_default_container_wrap container_wrap sidebar_right'  ><div class='container av-section-cont-open' ><div class='template-page content  av-content-small alpha units'><div class='post-entry post-entry-type-page post-entry-824'><div class='entry-content-wrapper clearfix'><\/p>\n","protected":false},"excerpt":{"rendered":"","protected":false},"author":1,"featured_media":0,"parent":0,"menu_order":0,"comment_status":"closed","ping_status":"closed","template":"","meta":{"footnotes":""},"class_list":["post-824","page","type-page","status-publish","hentry"],"yoast_head":"<!-- This site is optimized with the Yoast SEO plugin v25.5 - https:\/\/yoast.com\/wordpress\/plugins\/seo\/ -->\n<title>Preguntas Frequentes sobre el sistema ISOCANALE<\/title>\n<meta name=\"description\" content=\"En esta p\u00e1gina podr\u00e1 encontrar respuestas a preguntas frecuentes sobre el sistema ISOCANALE, el poliuretano y el aislamiento t\u00e9rmico.\" \/>\n<meta name=\"robots\" content=\"index, follow, max-snippet:-1, max-image-preview:large, max-video-preview:-1\" \/>\n<link rel=\"canonical\" href=\"https:\/\/www.isocanale.com\/es\/faq\/\" \/>\n<meta property=\"og:locale\" content=\"es_ES\" \/>\n<meta property=\"og:type\" content=\"article\" \/>\n<meta property=\"og:title\" content=\"Preguntas Frequentes sobre el sistema ISOCANALE\" \/>\n<meta property=\"og:description\" content=\"En esta p\u00e1gina podr\u00e1 encontrar respuestas a preguntas frecuentes sobre el sistema ISOCANALE, el poliuretano y el aislamiento t\u00e9rmico.\" \/>\n<meta property=\"og:url\" content=\"https:\/\/www.isocanale.com\/es\/faq\/\" \/>\n<meta property=\"og:site_name\" content=\"ISOCANALE\" \/>\n<meta property=\"article:modified_time\" content=\"2022-08-05T10:49:18+00:00\" \/>\n<meta name=\"twitter:card\" content=\"summary_large_image\" \/>\n<meta name=\"twitter:label1\" content=\"Tiempo de lectura\" \/>\n\t<meta name=\"twitter:data1\" content=\"7 minutos\" \/>\n<script type=\"application\/ld+json\" class=\"yoast-schema-graph\">{\"@context\":\"https:\/\/schema.org\",\"@graph\":[{\"@type\":\"WebPage\",\"@id\":\"https:\/\/www.isocanale.com\/es\/faq\/\",\"url\":\"https:\/\/www.isocanale.com\/es\/faq\/\",\"name\":\"Preguntas Frequentes sobre el sistema ISOCANALE\",\"isPartOf\":{\"@id\":\"https:\/\/www.isocanale.com\/#website\"},\"datePublished\":\"2019-09-24T09:52:20+00:00\",\"dateModified\":\"2022-08-05T10:49:18+00:00\",\"description\":\"En esta p\u00e1gina podr\u00e1 encontrar respuestas a preguntas frecuentes sobre el sistema ISOCANALE, el poliuretano y el aislamiento t\u00e9rmico.\",\"breadcrumb\":{\"@id\":\"https:\/\/www.isocanale.com\/es\/faq\/#breadcrumb\"},\"inLanguage\":\"es\",\"potentialAction\":[{\"@type\":\"ReadAction\",\"target\":[\"https:\/\/www.isocanale.com\/es\/faq\/\"]}]},{\"@type\":\"BreadcrumbList\",\"@id\":\"https:\/\/www.isocanale.com\/es\/faq\/#breadcrumb\",\"itemListElement\":[{\"@type\":\"ListItem\",\"position\":1,\"name\":\"Home\",\"item\":\"https:\/\/www.isocanale.com\/es\/home\/\"},{\"@type\":\"ListItem\",\"position\":2,\"name\":\"FAQ\"}]},{\"@type\":\"WebSite\",\"@id\":\"https:\/\/www.isocanale.com\/#website\",\"url\":\"https:\/\/www.isocanale.com\/\",\"name\":\"ISOCANALE\",\"description\":\"Sistema di Canali Preisolati per il Trasporto dell&#039;Aria\",\"publisher\":{\"@id\":\"https:\/\/www.isocanale.com\/#organization\"},\"potentialAction\":[{\"@type\":\"SearchAction\",\"target\":{\"@type\":\"EntryPoint\",\"urlTemplate\":\"https:\/\/www.isocanale.com\/?s={search_term_string}\"},\"query-input\":{\"@type\":\"PropertyValueSpecification\",\"valueRequired\":true,\"valueName\":\"search_term_string\"}}],\"inLanguage\":\"es\"},{\"@type\":\"Organization\",\"@id\":\"https:\/\/www.isocanale.com\/#organization\",\"name\":\"Isocanale Stiferite\",\"url\":\"https:\/\/www.isocanale.com\/\",\"logo\":{\"@type\":\"ImageObject\",\"inLanguage\":\"es\",\"@id\":\"https:\/\/www.isocanale.com\/#\/schema\/logo\/image\/\",\"url\":\"\",\"contentUrl\":\"\",\"caption\":\"Isocanale Stiferite\"},\"image\":{\"@id\":\"https:\/\/www.isocanale.com\/#\/schema\/logo\/image\/\"}}]}<\/script>\n<!-- \/ Yoast SEO plugin. -->","yoast_head_json":{"title":"Preguntas Frequentes sobre el sistema ISOCANALE","description":"En esta p\u00e1gina podr\u00e1 encontrar respuestas a preguntas frecuentes sobre el sistema ISOCANALE, el poliuretano y el aislamiento t\u00e9rmico.","robots":{"index":"index","follow":"follow","max-snippet":"max-snippet:-1","max-image-preview":"max-image-preview:large","max-video-preview":"max-video-preview:-1"},"canonical":"https:\/\/www.isocanale.com\/es\/faq\/","og_locale":"es_ES","og_type":"article","og_title":"Preguntas Frequentes sobre el sistema ISOCANALE","og_description":"En esta p\u00e1gina podr\u00e1 encontrar respuestas a preguntas frecuentes sobre el sistema ISOCANALE, el poliuretano y el aislamiento t\u00e9rmico.","og_url":"https:\/\/www.isocanale.com\/es\/faq\/","og_site_name":"ISOCANALE","article_modified_time":"2022-08-05T10:49:18+00:00","twitter_card":"summary_large_image","twitter_misc":{"Tiempo de lectura":"7 minutos"},"schema":{"@context":"https:\/\/schema.org","@graph":[{"@type":"WebPage","@id":"https:\/\/www.isocanale.com\/es\/faq\/","url":"https:\/\/www.isocanale.com\/es\/faq\/","name":"Preguntas Frequentes sobre el sistema ISOCANALE","isPartOf":{"@id":"https:\/\/www.isocanale.com\/#website"},"datePublished":"2019-09-24T09:52:20+00:00","dateModified":"2022-08-05T10:49:18+00:00","description":"En esta p\u00e1gina podr\u00e1 encontrar respuestas a preguntas frecuentes sobre el sistema ISOCANALE, el poliuretano y el aislamiento t\u00e9rmico.","breadcrumb":{"@id":"https:\/\/www.isocanale.com\/es\/faq\/#breadcrumb"},"inLanguage":"es","potentialAction":[{"@type":"ReadAction","target":["https:\/\/www.isocanale.com\/es\/faq\/"]}]},{"@type":"BreadcrumbList","@id":"https:\/\/www.isocanale.com\/es\/faq\/#breadcrumb","itemListElement":[{"@type":"ListItem","position":1,"name":"Home","item":"https:\/\/www.isocanale.com\/es\/home\/"},{"@type":"ListItem","position":2,"name":"FAQ"}]},{"@type":"WebSite","@id":"https:\/\/www.isocanale.com\/#website","url":"https:\/\/www.isocanale.com\/","name":"ISOCANALE","description":"Sistema di Canali Preisolati per il Trasporto dell&#039;Aria","publisher":{"@id":"https:\/\/www.isocanale.com\/#organization"},"potentialAction":[{"@type":"SearchAction","target":{"@type":"EntryPoint","urlTemplate":"https:\/\/www.isocanale.com\/?s={search_term_string}"},"query-input":{"@type":"PropertyValueSpecification","valueRequired":true,"valueName":"search_term_string"}}],"inLanguage":"es"},{"@type":"Organization","@id":"https:\/\/www.isocanale.com\/#organization","name":"Isocanale Stiferite","url":"https:\/\/www.isocanale.com\/","logo":{"@type":"ImageObject","inLanguage":"es","@id":"https:\/\/www.isocanale.com\/#\/schema\/logo\/image\/","url":"","contentUrl":"","caption":"Isocanale Stiferite"},"image":{"@id":"https:\/\/www.isocanale.com\/#\/schema\/logo\/image\/"}}]}},"_links":{"self":[{"href":"https:\/\/www.isocanale.com\/es\/wp-json\/wp\/v2\/pages\/824","targetHints":{"allow":["GET"]}}],"collection":[{"href":"https:\/\/www.isocanale.com\/es\/wp-json\/wp\/v2\/pages"}],"about":[{"href":"https:\/\/www.isocanale.com\/es\/wp-json\/wp\/v2\/types\/page"}],"author":[{"embeddable":true,"href":"https:\/\/www.isocanale.com\/es\/wp-json\/wp\/v2\/users\/1"}],"replies":[{"embeddable":true,"href":"https:\/\/www.isocanale.com\/es\/wp-json\/wp\/v2\/comments?post=824"}],"version-history":[{"count":0,"href":"https:\/\/www.isocanale.com\/es\/wp-json\/wp\/v2\/pages\/824\/revisions"}],"wp:attachment":[{"href":"https:\/\/www.isocanale.com\/es\/wp-json\/wp\/v2\/media?parent=824"}],"curies":[{"name":"wp","href":"https:\/\/api.w.org\/{rel}","templated":true}]}}