{"id":816,"date":"2019-09-24T09:52:59","date_gmt":"2019-09-24T09:52:59","guid":{"rendered":"http:\/\/www.isocanale.com\/contatti\/"},"modified":"2025-11-25T11:18:42","modified_gmt":"2025-11-25T11:18:42","slug":"contactos","status":"publish","type":"page","link":"https:\/\/www.isocanale.com\/es\/contactos\/","title":{"rendered":"Contactos"},"content":{"rendered":"<div id='av_section_1'  class='avia-section av-k21khcpf-d9c66489722171cad1b66f77cf9bd401 alternate_color avia-section-no-padding avia-no-border-styling  avia-builder-el-0  el_before_av_section  avia-builder-el-first  avia-bg-style-scroll container_wrap sidebar_right'  ><div class='container av-section-cont-open' ><main  role=\"main\" itemprop=\"mainContentOfPage\"  class='template-page content  av-content-small alpha units'><div class='post-entry post-entry-type-page post-entry-816'><div class='entry-content-wrapper clearfix'>\n\n<style type=\"text\/css\" data-created_by=\"avia_inline_auto\" id=\"style-css-av-pvae-9d0378c9a0db365f7464b48f29446db2\">\n#top .flex_column.av-pvae-9d0378c9a0db365f7464b48f29446db2{\nmargin-top:0px;\nmargin-bottom:0px;\n}\n.flex_column.av-pvae-9d0378c9a0db365f7464b48f29446db2{\n-webkit-border-radius:0px 0px 0px 0px;\n-moz-border-radius:0px 0px 0px 0px;\nborder-radius:0px 0px 0px 0px;\npadding:0px 0px 0px 0px;\n}\n.responsive #top #wrap_all .flex_column.av-pvae-9d0378c9a0db365f7464b48f29446db2{\nmargin-top:0px;\nmargin-bottom:0px;\n}\n<\/style>\n<div class='flex_column av-pvae-9d0378c9a0db365f7464b48f29446db2 av_one_full  avia-builder-el-1  el_before_av_one_third  avia-builder-el-first  first flex_column_div av-zero-column-padding '     ><section  class='av_textblock_section av-k21kl3o2-a1592799981b331f75255dbf19532da9'  itemscope=\"itemscope\" itemtype=\"https:\/\/schema.org\/CreativeWork\" ><div class='avia_textblock'  itemprop=\"text\" ><p><span class=\"titolo-noseo-big\">Contactos<\/span><\/p>\n<\/div><\/section><\/div>\n<style type=\"text\/css\" data-created_by=\"avia_inline_auto\" id=\"style-css-av-z4x0-ea67c82a20da2eb9c848eb51009e3bbb\">\n#top .flex_column.av-z4x0-ea67c82a20da2eb9c848eb51009e3bbb{\nmargin-top:0px;\nmargin-bottom:0px;\n}\n.flex_column.av-z4x0-ea67c82a20da2eb9c848eb51009e3bbb{\n-webkit-border-radius:0px 0px 0px 0px;\n-moz-border-radius:0px 0px 0px 0px;\nborder-radius:0px 0px 0px 0px;\npadding:0px 0px 0px 0px;\n}\n.responsive #top #wrap_all .flex_column.av-z4x0-ea67c82a20da2eb9c848eb51009e3bbb{\nmargin-top:0px;\nmargin-bottom:0px;\n}\n<\/style>\n<div class='flex_column av-z4x0-ea67c82a20da2eb9c848eb51009e3bbb av_one_third  avia-builder-el-3  el_after_av_one_full  el_before_av_one_third  first flex_column_div av-zero-column-padding column-top-margin'     ><section  class='av_textblock_section av-k21kl3o2-a1592799981b331f75255dbf19532da9'  itemscope=\"itemscope\" itemtype=\"https:\/\/schema.org\/CreativeWork\" ><div class='avia_textblock'  itemprop=\"text\" ><p><span class=\"sottotitlo-white\">Stiferite SpA a socio unico<\/span><br \/>\nViale Navigazione Interna, 54\/5<br \/>\n35129 Padua<br \/>\nItalia<\/p>\n<\/div><\/section><\/div>\n<style type=\"text\/css\" data-created_by=\"avia_inline_auto\" id=\"style-css-av-z4x0-fc299485ff43ce94b45cc04dae611882\">\n#top .flex_column.av-z4x0-fc299485ff43ce94b45cc04dae611882{\nmargin-top:0px;\nmargin-bottom:0px;\n}\n.flex_column.av-z4x0-fc299485ff43ce94b45cc04dae611882{\n-webkit-border-radius:0px 0px 0px 0px;\n-moz-border-radius:0px 0px 0px 0px;\nborder-radius:0px 0px 0px 0px;\npadding:0px 0px 0px 0px;\n}\n.responsive #top #wrap_all .flex_column.av-z4x0-fc299485ff43ce94b45cc04dae611882{\nmargin-top:0px;\nmargin-bottom:0px;\n}\n<\/style>\n<div class='flex_column av-z4x0-fc299485ff43ce94b45cc04dae611882 av_one_third  avia-builder-el-5  el_after_av_one_third  el_before_av_one_third  flex_column_div av-zero-column-padding column-top-margin'     ><section  class='av_textblock_section av-k21kl3o2-2f4d1f061105abb789b7d8373a1f2d80'  itemscope=\"itemscope\" itemtype=\"https:\/\/schema.org\/CreativeWork\" ><div class='avia_textblock contatti-icone'  itemprop=\"text\" ><p>P.IVA 03647120280<br \/>\nREA PD 325913<br \/>\nCap. Soc. \u20ac 7.737.000 i.v.<\/p>\n<\/div><\/section><\/div>\n<style type=\"text\/css\" data-created_by=\"avia_inline_auto\" id=\"style-css-av-z4x0-fc299485ff43ce94b45cc04dae611882\">\n#top .flex_column.av-z4x0-fc299485ff43ce94b45cc04dae611882{\nmargin-top:0px;\nmargin-bottom:0px;\n}\n.flex_column.av-z4x0-fc299485ff43ce94b45cc04dae611882{\n-webkit-border-radius:0px 0px 0px 0px;\n-moz-border-radius:0px 0px 0px 0px;\nborder-radius:0px 0px 0px 0px;\npadding:0px 0px 0px 0px;\n}\n.responsive #top #wrap_all .flex_column.av-z4x0-fc299485ff43ce94b45cc04dae611882{\nmargin-top:0px;\nmargin-bottom:0px;\n}\n<\/style>\n<div class='flex_column av-z4x0-fc299485ff43ce94b45cc04dae611882 av_one_third  avia-builder-el-7  el_after_av_one_third  el_before_av_hr  flex_column_div av-zero-column-padding column-top-margin'     ><section  class='av_textblock_section av-k21kl3o2-244ee8a0116b0586f4fc09dbd3078099'  itemscope=\"itemscope\" itemtype=\"https:\/\/schema.org\/CreativeWork\" ><div class='avia_textblock contatti-icone'  itemprop=\"text\" ><p><img loading=\"lazy\" decoding=\"async\" class=\"alignnone size-full wp-image-542\" src=\"http:\/\/isocanale.com\/wp-content\/uploads\/2019\/10\/tel.png\" alt=\"\" width=\"24\" height=\"24\" \/> <a href=\"tel:+390498997911\" rel=\"noopener\">+39 049 8997911<\/a><br \/>\n<a style=\"text-decoration: none;\" href=\"https:\/\/wa.me\/00393351431095\" target=\"_blank\" rel=\"noopener\"><img decoding=\"async\" style=\"margin-bottom: -3px; width: 24px;\" src=\"https:\/\/www.isocanale.com\/wp-content\/uploads\/2022\/07\/whatsapp-white.png\" width=\"20px\" height=\"20px\" \/> <span class=\"tel-wa\" style=\"display: inline-block;\">+39 3351431095<\/span><\/a><br \/>\n<img loading=\"lazy\" decoding=\"async\" class=\"alignnone size-full wp-image-545\" src=\"http:\/\/isocanale.com\/wp-content\/uploads\/2019\/10\/fax.png\" alt=\"\" width=\"29\" height=\"29\" \/> + 39 049 774727<\/p>\n<\/div><\/section><\/div>\n<style type=\"text\/css\" data-created_by=\"avia_inline_auto\" id=\"style-css-av-k21l6ban-9c1e44cd75bc9f34124702ddb3c350a3\">\n#top .hr.hr-invisible.av-k21l6ban-9c1e44cd75bc9f34124702ddb3c350a3{\nheight:40px;\n}\n<\/style>\n<div  class='hr av-k21l6ban-9c1e44cd75bc9f34124702ddb3c350a3 hr-invisible  avia-builder-el-9  el_after_av_one_third  avia-builder-el-last '><span class='hr-inner '><span class=\"hr-inner-style\"><\/span><\/span><\/div>\n<\/div><\/div><\/main><!-- close content main element --><\/div><\/div><div id='solicitar-informacion'  class='avia-section av-thnv-4287a2157c6b3444947d21a486449b5c main_color avia-section-default avia-no-border-styling  avia-builder-el-10  el_after_av_section  el_before_av_layout_row  avia-bg-style-scroll container_wrap sidebar_right'  ><div class='container av-section-cont-open' ><div class='template-page content  av-content-small alpha units'><div class='post-entry post-entry-type-page post-entry-816'><div class='entry-content-wrapper clearfix'>\n\n<style type=\"text\/css\" data-created_by=\"avia_inline_auto\" id=\"style-css-av-2v5fr-f5274b227165249e9dfa030460289b74\">\n#top .flex_column.av-2v5fr-f5274b227165249e9dfa030460289b74{\nmargin-top:0px;\nmargin-bottom:0px;\n}\n.flex_column.av-2v5fr-f5274b227165249e9dfa030460289b74{\n-webkit-border-radius:0px 0px 0px 0px;\n-moz-border-radius:0px 0px 0px 0px;\nborder-radius:0px 0px 0px 0px;\npadding:0px 0px 0px 0px;\n}\n.responsive #top #wrap_all .flex_column.av-2v5fr-f5274b227165249e9dfa030460289b74{\nmargin-top:0px;\nmargin-bottom:0px;\n}\n<\/style>\n<div class='flex_column av-2v5fr-f5274b227165249e9dfa030460289b74 av_one_full  avia-builder-el-11  el_before_av_one_fifth  avia-builder-el-first  first flex_column_div av-zero-column-padding '     ><section  class='av_textblock_section av-k24saklz-08efab781fb68763ce911c18b04a4940'  itemscope=\"itemscope\" itemtype=\"https:\/\/schema.org\/CreativeWork\" ><div class='avia_textblock centrato'  itemprop=\"text\" ><p><span class=\"sottotitlo\">Complete el siguiente formulario para solicitar informaci\u00f3n<\/span><\/p>\n<\/div><\/section><\/div><div class='flex_column_table av-213sv-793125125318d6cb4f616bae014d8e91 sc-av_one_fifth av-break-at-tablet-flextable av-equal-height-column-flextable'>\n<style type=\"text\/css\" data-created_by=\"avia_inline_auto\" id=\"style-css-av-213sv-793125125318d6cb4f616bae014d8e91\">\n#top .flex_column_table.av-equal-height-column-flextable.av-213sv-793125125318d6cb4f616bae014d8e91{\nmargin-top:15px;\nmargin-bottom:15px;\n}\n.flex_column.av-213sv-793125125318d6cb4f616bae014d8e91{\n-webkit-border-radius:0px 0px 0px 0px;\n-moz-border-radius:0px 0px 0px 0px;\nborder-radius:0px 0px 0px 0px;\npadding:0px 0px 0px 0px;\n}\n<\/style>\n<div class='flex_column av-213sv-793125125318d6cb4f616bae014d8e91 av_one_fifth  avia-builder-el-13  el_after_av_one_full  el_before_av_three_fifth  first av-break-at-tablet flex_column_table_cell av-equal-height-column av-align-top av-zero-column-padding column-top-margin'     ><\/div><div class='av-flex-placeholder'><\/div>\n<style type=\"text\/css\" data-created_by=\"avia_inline_auto\" id=\"style-css-av-57tj-b44da998e9ef1f91ad6b74426284f4c2\">\n#top .flex_column_table.av-equal-height-column-flextable.av-57tj-b44da998e9ef1f91ad6b74426284f4c2{\nmargin-top:0px;\nmargin-bottom:0px;\n}\n.flex_column.av-57tj-b44da998e9ef1f91ad6b74426284f4c2{\n-webkit-border-radius:0px 0px 0px 0px;\n-moz-border-radius:0px 0px 0px 0px;\nborder-radius:0px 0px 0px 0px;\npadding:0px 0px 0px 0px;\n}\n<\/style>\n<div class='flex_column av-57tj-b44da998e9ef1f91ad6b74426284f4c2 av_three_fifth  avia-builder-el-14  el_after_av_one_fifth  el_before_av_one_fifth  av-break-at-tablet flex_column_table_cell av-equal-height-column av-align-top av-zero-column-padding column-top-margin'     ><\/div><div class='av-flex-placeholder'><\/div>\n<style type=\"text\/css\" data-created_by=\"avia_inline_auto\" id=\"style-css-av-12ld3-09fd6a02ff64a36be352849f8556eb32\">\n#top .flex_column_table.av-equal-height-column-flextable.av-12ld3-09fd6a02ff64a36be352849f8556eb32{\nmargin-top:0px;\nmargin-bottom:0px;\n}\n.flex_column.av-12ld3-09fd6a02ff64a36be352849f8556eb32{\n-webkit-border-radius:0px 0px 0px 0px;\n-moz-border-radius:0px 0px 0px 0px;\nborder-radius:0px 0px 0px 0px;\npadding:0px 0px 0px 0px;\n}\n<\/style>\n<div class='flex_column av-12ld3-09fd6a02ff64a36be352849f8556eb32 av_one_fifth  avia-builder-el-16  el_after_av_three_fifth  avia-builder-el-last  av-break-at-tablet flex_column_table_cell av-equal-height-column av-align-top av-zero-column-padding column-top-margin'     ><\/div><\/div><!--close column table wrapper. Autoclose: 1 -->\n<\/p>\n<\/div><\/div><\/div><!-- close content main div --><\/div><\/div><div id='av-layout-grid-1'  class='av-layout-grid-container av-av_layout_row-6112df51e9bcf489e094b4f60fe5d9ab entry-content-wrapper main_color av-flex-cells  avia-builder-el-17  el_after_av_section  avia-builder-el-last  grid-row-not-first  container_wrap sidebar_right'  >\n\n<style type=\"text\/css\" data-created_by=\"avia_inline_auto\" id=\"style-css-av-k2lzraot-16d537b71d826af13efe909d344ac0b1\">\n.flex_cell.av-k2lzraot-16d537b71d826af13efe909d344ac0b1{\nvertical-align:top;\n}\n.responsive #top #wrap_all .flex_cell.av-k2lzraot-16d537b71d826af13efe909d344ac0b1{\npadding:0px 0px 0px 0px !important;\n}\n<\/style>\n<div class='flex_cell av-k2lzraot-16d537b71d826af13efe909d344ac0b1 av-gridrow-cell av_one_full no_margin  avia-builder-el-18  avia-builder-el-no-sibling  av-zero-padding' ><div class='flex_cell_inner'>\n<\/div><\/div>\n<\/div>\n","protected":false},"excerpt":{"rendered":"","protected":false},"author":1,"featured_media":0,"parent":0,"menu_order":0,"comment_status":"closed","ping_status":"closed","template":"","meta":{"footnotes":""},"class_list":["post-816","page","type-page","status-publish","hentry"],"yoast_head":"<!-- This site is optimized with the Yoast SEO plugin v25.5 - https:\/\/yoast.com\/wordpress\/plugins\/seo\/ -->\n<title>Stiferite y ISOCANALE, Contactos y Direcci\u00f3n<\/title>\n<meta name=\"description\" content=\"Stiferite SpA se encuentra en Padua (ITALIA) en Viale Navigazione Interna, 54\/5. Para obtener m\u00e1s informaci\u00f3n, cont\u00e1ctenos.\" \/>\n<meta name=\"robots\" content=\"index, follow, max-snippet:-1, max-image-preview:large, max-video-preview:-1\" \/>\n<link rel=\"canonical\" href=\"https:\/\/www.isocanale.com\/es\/contactos\/\" \/>\n<meta property=\"og:locale\" content=\"es_ES\" \/>\n<meta property=\"og:type\" content=\"article\" \/>\n<meta property=\"og:title\" content=\"Stiferite y ISOCANALE, Contactos y Direcci\u00f3n\" \/>\n<meta property=\"og:description\" content=\"Stiferite SpA se encuentra en Padua (ITALIA) en Viale Navigazione Interna, 54\/5. Para obtener m\u00e1s informaci\u00f3n, cont\u00e1ctenos.\" \/>\n<meta property=\"og:url\" content=\"https:\/\/www.isocanale.com\/es\/contactos\/\" \/>\n<meta property=\"og:site_name\" content=\"ISOCANALE\" \/>\n<meta property=\"article:modified_time\" content=\"2025-11-25T11:18:42+00:00\" \/>\n<meta property=\"og:image\" content=\"https:\/\/www.isocanale.com\/wp-content\/uploads\/2019\/10\/tel.png\" \/>\n\t<meta property=\"og:image:width\" content=\"24\" \/>\n\t<meta property=\"og:image:height\" content=\"24\" \/>\n\t<meta property=\"og:image:type\" content=\"image\/png\" \/>\n<meta name=\"twitter:card\" content=\"summary_large_image\" \/>\n<meta name=\"twitter:label1\" content=\"Tiempo de lectura\" \/>\n\t<meta name=\"twitter:data1\" content=\"1 minuto\" \/>\n<script type=\"application\/ld+json\" class=\"yoast-schema-graph\">{\"@context\":\"https:\/\/schema.org\",\"@graph\":[{\"@type\":\"WebPage\",\"@id\":\"https:\/\/www.isocanale.com\/es\/contactos\/\",\"url\":\"https:\/\/www.isocanale.com\/es\/contactos\/\",\"name\":\"Stiferite y ISOCANALE, Contactos y Direcci\u00f3n\",\"isPartOf\":{\"@id\":\"https:\/\/www.isocanale.com\/#website\"},\"primaryImageOfPage\":{\"@id\":\"https:\/\/www.isocanale.com\/es\/contactos\/#primaryimage\"},\"image\":{\"@id\":\"https:\/\/www.isocanale.com\/es\/contactos\/#primaryimage\"},\"thumbnailUrl\":\"http:\/\/isocanale.com\/wp-content\/uploads\/2019\/10\/tel.png\",\"datePublished\":\"2019-09-24T09:52:59+00:00\",\"dateModified\":\"2025-11-25T11:18:42+00:00\",\"description\":\"Stiferite SpA se encuentra en Padua (ITALIA) en Viale Navigazione Interna, 54\/5. Para obtener m\u00e1s informaci\u00f3n, cont\u00e1ctenos.\",\"breadcrumb\":{\"@id\":\"https:\/\/www.isocanale.com\/es\/contactos\/#breadcrumb\"},\"inLanguage\":\"es\",\"potentialAction\":[{\"@type\":\"ReadAction\",\"target\":[\"https:\/\/www.isocanale.com\/es\/contactos\/\"]}]},{\"@type\":\"ImageObject\",\"inLanguage\":\"es\",\"@id\":\"https:\/\/www.isocanale.com\/es\/contactos\/#primaryimage\",\"url\":\"http:\/\/isocanale.com\/wp-content\/uploads\/2019\/10\/tel.png\",\"contentUrl\":\"http:\/\/isocanale.com\/wp-content\/uploads\/2019\/10\/tel.png\"},{\"@type\":\"BreadcrumbList\",\"@id\":\"https:\/\/www.isocanale.com\/es\/contactos\/#breadcrumb\",\"itemListElement\":[{\"@type\":\"ListItem\",\"position\":1,\"name\":\"Home\",\"item\":\"https:\/\/www.isocanale.com\/es\/home\/\"},{\"@type\":\"ListItem\",\"position\":2,\"name\":\"Contactos\"}]},{\"@type\":\"WebSite\",\"@id\":\"https:\/\/www.isocanale.com\/#website\",\"url\":\"https:\/\/www.isocanale.com\/\",\"name\":\"ISOCANALE\",\"description\":\"Sistema di Canali Preisolati per il Trasporto dell&#039;Aria\",\"publisher\":{\"@id\":\"https:\/\/www.isocanale.com\/#organization\"},\"potentialAction\":[{\"@type\":\"SearchAction\",\"target\":{\"@type\":\"EntryPoint\",\"urlTemplate\":\"https:\/\/www.isocanale.com\/?s={search_term_string}\"},\"query-input\":{\"@type\":\"PropertyValueSpecification\",\"valueRequired\":true,\"valueName\":\"search_term_string\"}}],\"inLanguage\":\"es\"},{\"@type\":\"Organization\",\"@id\":\"https:\/\/www.isocanale.com\/#organization\",\"name\":\"Isocanale Stiferite\",\"url\":\"https:\/\/www.isocanale.com\/\",\"logo\":{\"@type\":\"ImageObject\",\"inLanguage\":\"es\",\"@id\":\"https:\/\/www.isocanale.com\/#\/schema\/logo\/image\/\",\"url\":\"\",\"contentUrl\":\"\",\"caption\":\"Isocanale Stiferite\"},\"image\":{\"@id\":\"https:\/\/www.isocanale.com\/#\/schema\/logo\/image\/\"}}]}<\/script>\n<!-- \/ Yoast SEO plugin. -->","yoast_head_json":{"title":"Stiferite y ISOCANALE, Contactos y Direcci\u00f3n","description":"Stiferite SpA se encuentra en Padua (ITALIA) en Viale Navigazione Interna, 54\/5. Para obtener m\u00e1s informaci\u00f3n, cont\u00e1ctenos.","robots":{"index":"index","follow":"follow","max-snippet":"max-snippet:-1","max-image-preview":"max-image-preview:large","max-video-preview":"max-video-preview:-1"},"canonical":"https:\/\/www.isocanale.com\/es\/contactos\/","og_locale":"es_ES","og_type":"article","og_title":"Stiferite y ISOCANALE, Contactos y Direcci\u00f3n","og_description":"Stiferite SpA se encuentra en Padua (ITALIA) en Viale Navigazione Interna, 54\/5. Para obtener m\u00e1s informaci\u00f3n, cont\u00e1ctenos.","og_url":"https:\/\/www.isocanale.com\/es\/contactos\/","og_site_name":"ISOCANALE","article_modified_time":"2025-11-25T11:18:42+00:00","og_image":[{"width":24,"height":24,"url":"https:\/\/www.isocanale.com\/wp-content\/uploads\/2019\/10\/tel.png","type":"image\/png"}],"twitter_card":"summary_large_image","twitter_misc":{"Tiempo de lectura":"1 minuto"},"schema":{"@context":"https:\/\/schema.org","@graph":[{"@type":"WebPage","@id":"https:\/\/www.isocanale.com\/es\/contactos\/","url":"https:\/\/www.isocanale.com\/es\/contactos\/","name":"Stiferite y ISOCANALE, Contactos y Direcci\u00f3n","isPartOf":{"@id":"https:\/\/www.isocanale.com\/#website"},"primaryImageOfPage":{"@id":"https:\/\/www.isocanale.com\/es\/contactos\/#primaryimage"},"image":{"@id":"https:\/\/www.isocanale.com\/es\/contactos\/#primaryimage"},"thumbnailUrl":"http:\/\/isocanale.com\/wp-content\/uploads\/2019\/10\/tel.png","datePublished":"2019-09-24T09:52:59+00:00","dateModified":"2025-11-25T11:18:42+00:00","description":"Stiferite SpA se encuentra en Padua (ITALIA) en Viale Navigazione Interna, 54\/5. Para obtener m\u00e1s informaci\u00f3n, cont\u00e1ctenos.","breadcrumb":{"@id":"https:\/\/www.isocanale.com\/es\/contactos\/#breadcrumb"},"inLanguage":"es","potentialAction":[{"@type":"ReadAction","target":["https:\/\/www.isocanale.com\/es\/contactos\/"]}]},{"@type":"ImageObject","inLanguage":"es","@id":"https:\/\/www.isocanale.com\/es\/contactos\/#primaryimage","url":"http:\/\/isocanale.com\/wp-content\/uploads\/2019\/10\/tel.png","contentUrl":"http:\/\/isocanale.com\/wp-content\/uploads\/2019\/10\/tel.png"},{"@type":"BreadcrumbList","@id":"https:\/\/www.isocanale.com\/es\/contactos\/#breadcrumb","itemListElement":[{"@type":"ListItem","position":1,"name":"Home","item":"https:\/\/www.isocanale.com\/es\/home\/"},{"@type":"ListItem","position":2,"name":"Contactos"}]},{"@type":"WebSite","@id":"https:\/\/www.isocanale.com\/#website","url":"https:\/\/www.isocanale.com\/","name":"ISOCANALE","description":"Sistema di Canali Preisolati per il Trasporto dell&#039;Aria","publisher":{"@id":"https:\/\/www.isocanale.com\/#organization"},"potentialAction":[{"@type":"SearchAction","target":{"@type":"EntryPoint","urlTemplate":"https:\/\/www.isocanale.com\/?s={search_term_string}"},"query-input":{"@type":"PropertyValueSpecification","valueRequired":true,"valueName":"search_term_string"}}],"inLanguage":"es"},{"@type":"Organization","@id":"https:\/\/www.isocanale.com\/#organization","name":"Isocanale Stiferite","url":"https:\/\/www.isocanale.com\/","logo":{"@type":"ImageObject","inLanguage":"es","@id":"https:\/\/www.isocanale.com\/#\/schema\/logo\/image\/","url":"","contentUrl":"","caption":"Isocanale Stiferite"},"image":{"@id":"https:\/\/www.isocanale.com\/#\/schema\/logo\/image\/"}}]}},"_links":{"self":[{"href":"https:\/\/www.isocanale.com\/es\/wp-json\/wp\/v2\/pages\/816","targetHints":{"allow":["GET"]}}],"collection":[{"href":"https:\/\/www.isocanale.com\/es\/wp-json\/wp\/v2\/pages"}],"about":[{"href":"https:\/\/www.isocanale.com\/es\/wp-json\/wp\/v2\/types\/page"}],"author":[{"embeddable":true,"href":"https:\/\/www.isocanale.com\/es\/wp-json\/wp\/v2\/users\/1"}],"replies":[{"embeddable":true,"href":"https:\/\/www.isocanale.com\/es\/wp-json\/wp\/v2\/comments?post=816"}],"version-history":[{"count":1,"href":"https:\/\/www.isocanale.com\/es\/wp-json\/wp\/v2\/pages\/816\/revisions"}],"predecessor-version":[{"id":4670,"href":"https:\/\/www.isocanale.com\/es\/wp-json\/wp\/v2\/pages\/816\/revisions\/4670"}],"wp:attachment":[{"href":"https:\/\/www.isocanale.com\/es\/wp-json\/wp\/v2\/media?parent=816"}],"curies":[{"name":"wp","href":"https:\/\/api.w.org\/{rel}","templated":true}]}}