{"id":1898,"date":"2020-05-22T08:31:41","date_gmt":"2020-05-22T08:31:41","guid":{"rendered":"https:\/\/isocanale.com\/informazioni-utili\/"},"modified":"2022-08-05T15:42:53","modified_gmt":"2022-08-05T15:42:53","slug":"informacion-util","status":"publish","type":"page","link":"https:\/\/www.isocanale.com\/es\/informacion-util\/","title":{"rendered":"Informaci\u00f3n \u00fatil"},"content":{"rendered":"<div id='av_section_1'  class='avia-section av-k21khcpf-05f049b8bb778e450892c2d68a9afa0f alternate_color avia-section-small avia-no-border-styling  avia-builder-el-0  el_before_av_section  avia-builder-el-first  avia-bg-style-scroll container_wrap sidebar_right'  ><div class='container av-section-cont-open' ><main  role=\"main\" itemprop=\"mainContentOfPage\"  class='template-page content  av-content-small alpha units'><div class='post-entry post-entry-type-page post-entry-1898'><div class='entry-content-wrapper clearfix'>\n\n<style type=\"text\/css\" data-created_by=\"avia_inline_auto\" id=\"style-css-av-z4x0-2c2cc853bc12f40123f3ab5c4a047c53\">\n.flex_column.av-z4x0-2c2cc853bc12f40123f3ab5c4a047c53{\n-webkit-border-radius:0px 0px 0px 0px;\n-moz-border-radius:0px 0px 0px 0px;\nborder-radius:0px 0px 0px 0px;\npadding:0px 0px 0px 0px;\n}\n<\/style>\n<div class='flex_column av-z4x0-2c2cc853bc12f40123f3ab5c4a047c53 av_one_full  avia-builder-el-1  el_before_av_hr  avia-builder-el-first  first flex_column_div av-zero-column-padding '     ><style type=\"text\/css\" data-created_by=\"avia_inline_auto\" id=\"style-css-av-k21kl3o2-997e08d171b2a7d578fa0d9044c5e228\">\n#top .av_textblock_section.av-k21kl3o2-997e08d171b2a7d578fa0d9044c5e228 .avia_textblock{\nfont-size:20px;\n}\n<\/style>\n<section  class='av_textblock_section av-k21kl3o2-997e08d171b2a7d578fa0d9044c5e228'  itemscope=\"itemscope\" itemtype=\"https:\/\/schema.org\/CreativeWork\" ><div class='avia_textblock centrato'  itemprop=\"text\" ><h1>Informaci\u00f3n \u00fatil, las respuestas del t\u00e9cnico<\/h1>\n<p><strong>\u00bfQu\u00e9 es el <a title=\"Paneles de poliuretano\" href=\"https:\/\/www.isocanale.com\/es\/paneles-de-poliuretano\/\">poliuretano<\/a>?<\/strong><\/p>\n<p>\u00bfQu\u00e9 es la espuma de <a title=\"Paneles de polyiso\" href=\"https:\/\/www.isocanale.com\/es\/paneles-de-polyiso\/\">polyiso<\/a>?<\/p>\n<p><strong>\u00bfQu\u00e9 se entiende por <a title=\"Sistema de ventilaci\u00f3n\" href=\"https:\/\/www.isocanale.com\/es\/sistema-de-ventilacion\/\">sistema de ventilaci\u00f3n<\/a>?<\/strong><\/p>\n<p>\u00bfC\u00f3mo se fabrican los <a title=\"Conductos de aire preaislados\" href=\"https:\/\/www.isocanale.com\/es\/conductos-de-aire\/\">conductos de aire preaislados<\/a>?<\/p>\n<p><strong>Si est\u00e1 buscando una aclaraci\u00f3n sobre estas y otras preguntas<\/strong> relacionadas al SISTEMA ISOCANALE y los sistemas de ventilaci\u00f3n, <strong>las encontrar\u00e1s en las p\u00e1ginas dedicadas<\/strong>.<\/p>\n<\/div><\/section><\/div>\n<style type=\"text\/css\" data-created_by=\"avia_inline_auto\" id=\"style-css-av-k21l6ban-5f2776a8558b1c11c023a854a34c107c\">\n#top .hr.hr-invisible.av-k21l6ban-5f2776a8558b1c11c023a854a34c107c{\nheight:20px;\n}\n<\/style>\n<div  class='hr av-k21l6ban-5f2776a8558b1c11c023a854a34c107c hr-invisible  avia-builder-el-3  el_after_av_one_full  avia-builder-el-last '><span class='hr-inner '><span class=\"hr-inner-style\"><\/span><\/span><\/div>\n<\/div><\/div><\/main><!-- close content main element --><\/div><\/div>\n<style type=\"text\/css\" data-created_by=\"avia_inline_auto\" id=\"style-css-av-kai32egj-4098c8dd13108b21f86aeccd4fba12af\">\n.avia-section.av-kai32egj-4098c8dd13108b21f86aeccd4fba12af{\nbackground-color:#ebedf1;\nbackground-image:unset;\n}\n<\/style>\n<div id='av_section_2'  class='avia-section av-kai32egj-4098c8dd13108b21f86aeccd4fba12af main_color avia-section-no-padding avia-no-border-styling  avia-builder-el-4  el_after_av_section  el_before_av_submenu  scopri-servizi avia-bg-style-scroll container_wrap sidebar_right'  ><div class='container av-section-cont-open' ><div class='template-page content  av-content-small alpha units'><div class='post-entry post-entry-type-page post-entry-1898'><div class='entry-content-wrapper clearfix'>\n\n<style type=\"text\/css\" data-created_by=\"avia_inline_auto\" id=\"style-css-av-kiu2t42e-2b01c0c72580db4c9b4b19a034e1d3d8\">\n.flex_column.av-kiu2t42e-2b01c0c72580db4c9b4b19a034e1d3d8{\n-webkit-border-radius:0px 0px 0px 0px;\n-moz-border-radius:0px 0px 0px 0px;\nborder-radius:0px 0px 0px 0px;\npadding:0px 0px 0px 0px;\n}\n<\/style>\n<div class='flex_column av-kiu2t42e-2b01c0c72580db4c9b4b19a034e1d3d8 av_one_fifth  avia-builder-el-5  el_before_av_three_fifth  avia-builder-el-first  first av-break-at-tablet flex_column_div av-zero-column-padding '     ><\/div>\n<style type=\"text\/css\" data-created_by=\"avia_inline_auto\" id=\"style-css-av-1l9z4-4dc1a6c7c530cfbde583379c46001098\">\n.flex_column.av-1l9z4-4dc1a6c7c530cfbde583379c46001098{\n-webkit-border-radius:0px 0px 0px 0px;\n-moz-border-radius:0px 0px 0px 0px;\nborder-radius:0px 0px 0px 0px;\npadding:0px 0px 0px 0px;\n}\n<\/style>\n<div class='flex_column av-1l9z4-4dc1a6c7c530cfbde583379c46001098 av_three_fifth  avia-builder-el-6  el_after_av_one_fifth  el_before_av_one_fifth  av-break-at-tablet flex_column_div av-zero-column-padding '     ><section  class='av_textblock_section av-kai6n4qo-6f9bcc0fd6a3858be6ffb4c195d5c0cb'  itemscope=\"itemscope\" itemtype=\"https:\/\/schema.org\/CreativeWork\" ><div class='avia_textblock centrato titoletto'  itemprop=\"text\" ><p><span class=\"titolo-noseo-small\">Insights<\/span><br \/>\n<strong>Visite las p\u00e1ginas que profundizan <\/strong>sobre c\u00f3mo han evolucionado las espumas de poliuretano, cu\u00e1l es su rendimiento y mucha m\u00e1s <strong>informaci\u00f3n proporcionada por nuestros t\u00e9cnicos<\/strong>.<\/p>\n<\/div><\/section><\/div>\n<style type=\"text\/css\" data-created_by=\"avia_inline_auto\" id=\"style-css-av-av_one_fifth-49f6e875884219cf77c24341e550af53\">\n.flex_column.av-av_one_fifth-49f6e875884219cf77c24341e550af53{\n-webkit-border-radius:0px 0px 0px 0px;\n-moz-border-radius:0px 0px 0px 0px;\nborder-radius:0px 0px 0px 0px;\npadding:0px 0px 0px 0px;\n}\n<\/style>\n<div class='flex_column av-av_one_fifth-49f6e875884219cf77c24341e550af53 av_one_fifth  avia-builder-el-8  el_after_av_three_fifth  avia-builder-el-last  av-break-at-tablet flex_column_div av-zero-column-padding '     ><\/div>\n<\/p>\n<\/div><\/div><\/div><!-- close content main div --><\/div><\/div><div id='sub_menu1'  class='av-submenu-container av-kai1irmd-5ace7a6d38fb1fd4d2ff475a78904575 header_color av-switch-990  avia-builder-el-9  el_after_av_section  el_before_av_section  menu-interno submenu-not-first container_wrap sidebar_right' style='z-index:301' ><div class='container av-menu-mobile-active av-submenu-pos-center'><a href=\"#\" class=\"mobile_menu_toggle\" aria-hidden='true' data-av_icon='\ue8a5' data-av_iconfont='entypo-fontello'><span class=\"av-current-placeholder\">Men\u00fa<\/span><\/a><ul id=\"menu-info-utili-es\" class=\"av-subnav-menu\"><li role=\"menuitem\" id=\"menu-item-1973\" class=\"menu-item menu-item-type-post_type menu-item-object-page menu-item-top-level menu-item-top-level-1\"><a href=\"https:\/\/www.isocanale.com\/es\/paneles-de-poliuretano\/\" itemprop=\"url\" tabindex=\"0\"><span class=\"avia-bullet\"><\/span><span class=\"avia-menu-text\">Paneles de Poliuretano<\/span><span class=\"avia-menu-fx\"><span class=\"avia-arrow-wrap\"><span class=\"avia-arrow\"><\/span><\/span><\/span><\/a><\/li>\n<li role=\"menuitem\" id=\"menu-item-1974\" class=\"menu-item menu-item-type-post_type menu-item-object-page menu-item-top-level menu-item-top-level-2\"><a href=\"https:\/\/www.isocanale.com\/es\/paneles-de-polyiso\/\" itemprop=\"url\" tabindex=\"0\"><span class=\"avia-bullet\"><\/span><span class=\"avia-menu-text\">Paneles de Polyiso<\/span><span class=\"avia-menu-fx\"><span class=\"avia-arrow-wrap\"><span class=\"avia-arrow\"><\/span><\/span><\/span><\/a><\/li>\n<li role=\"menuitem\" id=\"menu-item-1975\" class=\"menu-item menu-item-type-post_type menu-item-object-page menu-item-top-level menu-item-top-level-3\"><a href=\"https:\/\/www.isocanale.com\/es\/conductos-de-aire\/\" itemprop=\"url\" tabindex=\"0\"><span class=\"avia-bullet\"><\/span><span class=\"avia-menu-text\">Conductos de Aire<\/span><span class=\"avia-menu-fx\"><span class=\"avia-arrow-wrap\"><span class=\"avia-arrow\"><\/span><\/span><\/span><\/a><\/li>\n<li role=\"menuitem\" id=\"menu-item-1976\" class=\"menu-item menu-item-type-post_type menu-item-object-page menu-item-top-level menu-item-top-level-4\"><a href=\"https:\/\/www.isocanale.com\/es\/sistema-de-ventilacion\/\" itemprop=\"url\" tabindex=\"0\"><span class=\"avia-bullet\"><\/span><span class=\"avia-menu-text\">Sistema de Ventilaci\u00f3n<\/span><span class=\"avia-menu-fx\"><span class=\"avia-arrow-wrap\"><span class=\"avia-arrow\"><\/span><\/span><\/span><\/a><\/li>\n<li role=\"menuitem\" id=\"menu-item-1977\" class=\"menu-item menu-item-type-post_type menu-item-object-page menu-item-top-level menu-item-top-level-5\"><a href=\"https:\/\/www.isocanale.com\/es\/tipos-de-canales\/\" itemprop=\"url\" tabindex=\"0\"><span class=\"avia-bullet\"><\/span><span class=\"avia-menu-text\">Tipos de Canales<\/span><span class=\"avia-menu-fx\"><span class=\"avia-arrow-wrap\"><span class=\"avia-arrow\"><\/span><\/span><\/span><\/a><\/li>\n<\/ul><\/div><\/div>\n\n<style type=\"text\/css\" data-created_by=\"avia_inline_auto\" id=\"style-css-av-kai32egj-91a3d2427c8b35bc502ef19132c9af11\">\n.avia-section.av-kai32egj-91a3d2427c8b35bc502ef19132c9af11{\nbackground-color:#e6ff00;\nbackground-image:unset;\n}\n<\/style>\n<div id='av_section_3'  class='avia-section av-kai32egj-91a3d2427c8b35bc502ef19132c9af11 main_color avia-section-no-padding avia-no-border-styling  avia-builder-el-10  el_after_av_submenu  el_before_av_submenu  scopri-servizi avia-bg-style-scroll container_wrap sidebar_right'  ><div class='container av-section-cont-open' ><div class='template-page content  av-content-small alpha units'><div class='post-entry post-entry-type-page post-entry-1898'><div class='entry-content-wrapper clearfix'>\n\n<style type=\"text\/css\" data-created_by=\"avia_inline_auto\" id=\"style-css-av-1l9z4-688a96a32e85df507481f0cae998d8fb\">\n#top .flex_column.av-1l9z4-688a96a32e85df507481f0cae998d8fb{\nmargin-top:0px;\nmargin-bottom:0px;\n}\n.flex_column.av-1l9z4-688a96a32e85df507481f0cae998d8fb{\n-webkit-border-radius:0px 0px 0px 0px;\n-moz-border-radius:0px 0px 0px 0px;\nborder-radius:0px 0px 0px 0px;\npadding:0px 0px 0px 0px;\n}\n.responsive #top #wrap_all .flex_column.av-1l9z4-688a96a32e85df507481f0cae998d8fb{\nmargin-top:0px;\nmargin-bottom:0px;\n}\n<\/style>\n<div class='flex_column av-1l9z4-688a96a32e85df507481f0cae998d8fb av_one_full  avia-builder-el-11  avia-builder-el-no-sibling  first flex_column_div av-zero-column-padding '     ><section  class='av_textblock_section av-kai6n4qo-6f9bcc0fd6a3858be6ffb4c195d5c0cb'  itemscope=\"itemscope\" itemtype=\"https:\/\/schema.org\/CreativeWork\" ><div class='avia_textblock centrato titoletto'  itemprop=\"text\" ><p><span class=\"titolo-noseo-small\">Descubre nuestras aplicaciones<\/span><\/p>\n<\/div><\/section><\/div>\n\n<\/div><\/div><\/div><!-- close content main div --><\/div><\/div><div id='sub_menu2'  class='av-submenu-container av-kai1irmd-a6cbd2a5a5efd4bbb8b2072d0e421f0e main_color av-switch-990  avia-builder-el-13  el_after_av_section  avia-builder-el-last  menu-interno menu-info-applicazioni submenu-not-first container_wrap sidebar_right' style='z-index:302' ><div class='container av-menu-mobile-active av-submenu-pos-center'><a href=\"#\" class=\"mobile_menu_toggle\" aria-hidden='true' data-av_icon='\ue8a5' data-av_iconfont='entypo-fontello'><span class=\"av-current-placeholder\">Men\u00fa<\/span><\/a><ul id=\"menu-prodotti-es\" class=\"av-subnav-menu\"><li role=\"menuitem\" id=\"menu-item-1258\" class=\"menu-item menu-item-type-post_type menu-item-object-page menu-item-top-level menu-item-top-level-1\"><a href=\"https:\/\/www.isocanale.com\/es\/sistema-isocanale\/aplicaciones\/isocanale-indoor\/\" itemprop=\"url\" tabindex=\"0\"><span class=\"avia-bullet\"><\/span><span class=\"avia-menu-text\">Isocanale Indoor<\/span><span class=\"avia-menu-fx\"><span class=\"avia-arrow-wrap\"><span class=\"avia-arrow\"><\/span><\/span><\/span><\/a><\/li>\n<li role=\"menuitem\" id=\"menu-item-1259\" class=\"menu-item menu-item-type-post_type menu-item-object-page menu-item-top-level menu-item-top-level-2\"><a href=\"https:\/\/www.isocanale.com\/es\/sistema-isocanale\/aplicaciones\/isocanale-outdoor\/\" itemprop=\"url\" tabindex=\"0\"><span class=\"avia-bullet\"><\/span><span class=\"avia-menu-text\">Isocanale Outdoor<\/span><span class=\"avia-menu-fx\"><span class=\"avia-arrow-wrap\"><span class=\"avia-arrow\"><\/span><\/span><\/span><\/a><\/li>\n<li role=\"menuitem\" id=\"menu-item-1262\" class=\"menu-item menu-item-type-post_type menu-item-object-page menu-item-top-level menu-item-top-level-3\"><a href=\"https:\/\/www.isocanale.com\/es\/sistema-isocanale\/aplicaciones\/isocanale-extreme\/\" itemprop=\"url\" tabindex=\"0\"><span class=\"avia-bullet\"><\/span><span class=\"avia-menu-text\">Isocanale Extreme<\/span><span class=\"avia-menu-fx\"><span class=\"avia-arrow-wrap\"><span class=\"avia-arrow\"><\/span><\/span><\/span><\/a><\/li>\n<li role=\"menuitem\" id=\"menu-item-1263\" class=\"menu-item menu-item-type-post_type menu-item-object-page menu-item-top-level menu-item-top-level-4\"><a href=\"https:\/\/www.isocanale.com\/es\/sistema-isocanale\/aplicaciones\/isocanale-clean\/\" itemprop=\"url\" tabindex=\"0\"><span class=\"avia-bullet\"><\/span><span class=\"avia-menu-text\">Isocanale Clean<\/span><span class=\"avia-menu-fx\"><span class=\"avia-arrow-wrap\"><span class=\"avia-arrow\"><\/span><\/span><\/span><\/a><\/li>\n<\/ul><\/div><\/div>\n","protected":false},"excerpt":{"rendered":"","protected":false},"author":1,"featured_media":0,"parent":0,"menu_order":0,"comment_status":"closed","ping_status":"closed","template":"","meta":{"footnotes":""},"class_list":["post-1898","page","type-page","status-publish","hentry"],"yoast_head":"<!-- This site is optimized with the Yoast SEO plugin v25.5 - https:\/\/yoast.com\/wordpress\/plugins\/seo\/ -->\n<title>Informaci\u00f3n \u00fatil sobre poliuretano y espuma de polyiso | ISOCANALE<\/title>\n<meta name=\"description\" content=\"Si est\u00e1 buscando una aclaraci\u00f3n sobre estas y otras preguntas relacionadas al sistema ISOCANALE y los sistemas de ventilaci\u00f3n, las encontrar\u00e1s en las p\u00e1ginas dedicadas.\" \/>\n<meta name=\"robots\" content=\"index, follow, max-snippet:-1, max-image-preview:large, max-video-preview:-1\" \/>\n<link rel=\"canonical\" href=\"https:\/\/www.isocanale.com\/es\/informacion-util\/\" \/>\n<meta property=\"og:locale\" content=\"es_ES\" \/>\n<meta property=\"og:type\" content=\"article\" \/>\n<meta property=\"og:title\" content=\"Informaci\u00f3n \u00fatil sobre poliuretano y espuma de polyiso | ISOCANALE\" \/>\n<meta property=\"og:description\" content=\"Si est\u00e1 buscando una aclaraci\u00f3n sobre estas y otras preguntas relacionadas al sistema ISOCANALE y los sistemas de ventilaci\u00f3n, las encontrar\u00e1s en las p\u00e1ginas dedicadas.\" \/>\n<meta property=\"og:url\" content=\"https:\/\/www.isocanale.com\/es\/informacion-util\/\" \/>\n<meta property=\"og:site_name\" content=\"ISOCANALE\" \/>\n<meta property=\"article:modified_time\" content=\"2022-08-05T15:42:53+00:00\" \/>\n<meta name=\"twitter:card\" content=\"summary_large_image\" \/>\n<meta name=\"twitter:label1\" content=\"Tiempo de lectura\" \/>\n\t<meta name=\"twitter:data1\" content=\"3 minutos\" \/>\n<script type=\"application\/ld+json\" class=\"yoast-schema-graph\">{\"@context\":\"https:\/\/schema.org\",\"@graph\":[{\"@type\":\"WebPage\",\"@id\":\"https:\/\/www.isocanale.com\/es\/informacion-util\/\",\"url\":\"https:\/\/www.isocanale.com\/es\/informacion-util\/\",\"name\":\"Informaci\u00f3n \u00fatil sobre poliuretano y espuma de polyiso | ISOCANALE\",\"isPartOf\":{\"@id\":\"https:\/\/www.isocanale.com\/#website\"},\"datePublished\":\"2020-05-22T08:31:41+00:00\",\"dateModified\":\"2022-08-05T15:42:53+00:00\",\"description\":\"Si est\u00e1 buscando una aclaraci\u00f3n sobre estas y otras preguntas relacionadas al sistema ISOCANALE y los sistemas de ventilaci\u00f3n, las encontrar\u00e1s en las p\u00e1ginas dedicadas.\",\"breadcrumb\":{\"@id\":\"https:\/\/www.isocanale.com\/es\/informacion-util\/#breadcrumb\"},\"inLanguage\":\"es\",\"potentialAction\":[{\"@type\":\"ReadAction\",\"target\":[\"https:\/\/www.isocanale.com\/es\/informacion-util\/\"]}]},{\"@type\":\"BreadcrumbList\",\"@id\":\"https:\/\/www.isocanale.com\/es\/informacion-util\/#breadcrumb\",\"itemListElement\":[{\"@type\":\"ListItem\",\"position\":1,\"name\":\"Home\",\"item\":\"https:\/\/www.isocanale.com\/es\/home\/\"},{\"@type\":\"ListItem\",\"position\":2,\"name\":\"Informaci\u00f3n \u00fatil\"}]},{\"@type\":\"WebSite\",\"@id\":\"https:\/\/www.isocanale.com\/#website\",\"url\":\"https:\/\/www.isocanale.com\/\",\"name\":\"ISOCANALE\",\"description\":\"Sistema di Canali Preisolati per il Trasporto dell&#039;Aria\",\"publisher\":{\"@id\":\"https:\/\/www.isocanale.com\/#organization\"},\"potentialAction\":[{\"@type\":\"SearchAction\",\"target\":{\"@type\":\"EntryPoint\",\"urlTemplate\":\"https:\/\/www.isocanale.com\/?s={search_term_string}\"},\"query-input\":{\"@type\":\"PropertyValueSpecification\",\"valueRequired\":true,\"valueName\":\"search_term_string\"}}],\"inLanguage\":\"es\"},{\"@type\":\"Organization\",\"@id\":\"https:\/\/www.isocanale.com\/#organization\",\"name\":\"Isocanale Stiferite\",\"url\":\"https:\/\/www.isocanale.com\/\",\"logo\":{\"@type\":\"ImageObject\",\"inLanguage\":\"es\",\"@id\":\"https:\/\/www.isocanale.com\/#\/schema\/logo\/image\/\",\"url\":\"\",\"contentUrl\":\"\",\"caption\":\"Isocanale Stiferite\"},\"image\":{\"@id\":\"https:\/\/www.isocanale.com\/#\/schema\/logo\/image\/\"}}]}<\/script>\n<!-- \/ Yoast SEO plugin. -->","yoast_head_json":{"title":"Informaci\u00f3n \u00fatil sobre poliuretano y espuma de polyiso | ISOCANALE","description":"Si est\u00e1 buscando una aclaraci\u00f3n sobre estas y otras preguntas relacionadas al sistema ISOCANALE y los sistemas de ventilaci\u00f3n, las encontrar\u00e1s en las p\u00e1ginas dedicadas.","robots":{"index":"index","follow":"follow","max-snippet":"max-snippet:-1","max-image-preview":"max-image-preview:large","max-video-preview":"max-video-preview:-1"},"canonical":"https:\/\/www.isocanale.com\/es\/informacion-util\/","og_locale":"es_ES","og_type":"article","og_title":"Informaci\u00f3n \u00fatil sobre poliuretano y espuma de polyiso | ISOCANALE","og_description":"Si est\u00e1 buscando una aclaraci\u00f3n sobre estas y otras preguntas relacionadas al sistema ISOCANALE y los sistemas de ventilaci\u00f3n, las encontrar\u00e1s en las p\u00e1ginas dedicadas.","og_url":"https:\/\/www.isocanale.com\/es\/informacion-util\/","og_site_name":"ISOCANALE","article_modified_time":"2022-08-05T15:42:53+00:00","twitter_card":"summary_large_image","twitter_misc":{"Tiempo de lectura":"3 minutos"},"schema":{"@context":"https:\/\/schema.org","@graph":[{"@type":"WebPage","@id":"https:\/\/www.isocanale.com\/es\/informacion-util\/","url":"https:\/\/www.isocanale.com\/es\/informacion-util\/","name":"Informaci\u00f3n \u00fatil sobre poliuretano y espuma de polyiso | ISOCANALE","isPartOf":{"@id":"https:\/\/www.isocanale.com\/#website"},"datePublished":"2020-05-22T08:31:41+00:00","dateModified":"2022-08-05T15:42:53+00:00","description":"Si est\u00e1 buscando una aclaraci\u00f3n sobre estas y otras preguntas relacionadas al sistema ISOCANALE y los sistemas de ventilaci\u00f3n, las encontrar\u00e1s en las p\u00e1ginas dedicadas.","breadcrumb":{"@id":"https:\/\/www.isocanale.com\/es\/informacion-util\/#breadcrumb"},"inLanguage":"es","potentialAction":[{"@type":"ReadAction","target":["https:\/\/www.isocanale.com\/es\/informacion-util\/"]}]},{"@type":"BreadcrumbList","@id":"https:\/\/www.isocanale.com\/es\/informacion-util\/#breadcrumb","itemListElement":[{"@type":"ListItem","position":1,"name":"Home","item":"https:\/\/www.isocanale.com\/es\/home\/"},{"@type":"ListItem","position":2,"name":"Informaci\u00f3n \u00fatil"}]},{"@type":"WebSite","@id":"https:\/\/www.isocanale.com\/#website","url":"https:\/\/www.isocanale.com\/","name":"ISOCANALE","description":"Sistema di Canali Preisolati per il Trasporto dell&#039;Aria","publisher":{"@id":"https:\/\/www.isocanale.com\/#organization"},"potentialAction":[{"@type":"SearchAction","target":{"@type":"EntryPoint","urlTemplate":"https:\/\/www.isocanale.com\/?s={search_term_string}"},"query-input":{"@type":"PropertyValueSpecification","valueRequired":true,"valueName":"search_term_string"}}],"inLanguage":"es"},{"@type":"Organization","@id":"https:\/\/www.isocanale.com\/#organization","name":"Isocanale Stiferite","url":"https:\/\/www.isocanale.com\/","logo":{"@type":"ImageObject","inLanguage":"es","@id":"https:\/\/www.isocanale.com\/#\/schema\/logo\/image\/","url":"","contentUrl":"","caption":"Isocanale Stiferite"},"image":{"@id":"https:\/\/www.isocanale.com\/#\/schema\/logo\/image\/"}}]}},"_links":{"self":[{"href":"https:\/\/www.isocanale.com\/es\/wp-json\/wp\/v2\/pages\/1898","targetHints":{"allow":["GET"]}}],"collection":[{"href":"https:\/\/www.isocanale.com\/es\/wp-json\/wp\/v2\/pages"}],"about":[{"href":"https:\/\/www.isocanale.com\/es\/wp-json\/wp\/v2\/types\/page"}],"author":[{"embeddable":true,"href":"https:\/\/www.isocanale.com\/es\/wp-json\/wp\/v2\/users\/1"}],"replies":[{"embeddable":true,"href":"https:\/\/www.isocanale.com\/es\/wp-json\/wp\/v2\/comments?post=1898"}],"version-history":[{"count":0,"href":"https:\/\/www.isocanale.com\/es\/wp-json\/wp\/v2\/pages\/1898\/revisions"}],"wp:attachment":[{"href":"https:\/\/www.isocanale.com\/es\/wp-json\/wp\/v2\/media?parent=1898"}],"curies":[{"name":"wp","href":"https:\/\/api.w.org\/{rel}","templated":true}]}}